{"id":10357,"date":"2021-12-04T13:05:08","date_gmt":"2021-12-04T16:05:08","guid":{"rendered":"https:\/\/pastudio.com\/?page_id=10357"},"modified":"2025-12-15T16:29:49","modified_gmt":"2025-12-15T19:29:49","slug":"donate","status":"publish","type":"page","link":"https:\/\/pastudio.com\/?page_id=10357","title":{"rendered":"Colaboraciones"},"content":{"rendered":"<p><img loading=\"lazy\" decoding=\"async\" class=\"alignnone wp-image-5511\" src=\"https:\/\/pastudio.com\/wp-content\/uploads\/2015\/12\/PASTUDIO-Vicente-Lopez-lite.jpg\" alt=\"\" width=\"539\" height=\"360\" srcset=\"https:\/\/pastudio.com\/wp-content\/uploads\/2015\/12\/PASTUDIO-Vicente-Lopez-lite.jpg 640w, https:\/\/pastudio.com\/wp-content\/uploads\/2015\/12\/PASTUDIO-Vicente-Lopez-lite-600x400.jpg 600w, https:\/\/pastudio.com\/wp-content\/uploads\/2015\/12\/PASTUDIO-Vicente-Lopez-lite-300x200.jpg 300w\" sizes=\"auto, (max-width: 539px) 100vw, 539px\" \/><\/p>\n<p>Desde PASTUDIO, &nbsp;siempre nos hemos esmerado para brindar los mejores servicios en materia de educaci\u00f3n art\u00edstica posible a cada uno de nuestros alumnos desde los 5 a\u00f1os en adelante. Tambi\u00e9n hemos becado y ayudado a numerosos alumnos (sin publicitarlo y por razones m\u00faltiples) a lo largo del tiempo desde nuestro comienzo en 1994.<\/p>\n<p>Si bien hemos podido subsistir y pasar corralitos e hiperinflaci\u00f3n, la llegada de la pandemia nos ha golpeado fuertemente y hemos hecho hasta lo imposible por seguir brindando cada vez mejores condiciones para el crecimiento art\u00edstico integral de cada uno de nuestros alumnos.<\/p>\n<p>Esto incluye la incorporaci\u00f3n de nueva tecnolog\u00eda para clases online (Nuevo servicio de banda ancha, Zoom profesional, incorporaci\u00f3n de nuevas computadoras y c\u00e1mara), compra e inversi\u00f3n de nuevos equipos de iluminaci\u00f3n propios, Software de iluminaci\u00f3n, micr\u00f3fonos inal\u00e1mbricos , purificador y extractor de aire, elementos para cumplir con el nuevo protocolo sanitario sin descuidar el mantenimiento edilicio y la limpieza de nuestra sede de Vicente Lopez.<\/p>\n<p>Si usted o la empresa que dirige pueden ayudarnos con el donativo que sea, sin importar el monto, nos estar\u00eda dando mayores posibilidades para agregar mas equipamiento dentro del establecimiento, adquirir nuevos micr\u00f3fonos para las presentaciones en el teatro y poder continuar mejorando las condiciones de trabajo para permitir que cada alumno tenga condiciones cada vez m\u00e1s propicias para crecer desde lo art\u00edstico y personal.<\/p>\n<p>En forma de agradecimiento a usted y su empresa, su logotipo y \/o nombre aparecer\u00e1 en nuestras pagina de <a href=\"https:\/\/pastudio.com\/?page_id=10367\">SPONSORS<\/a>.<\/p>\n<form action=\"https:\/\/www.paypal.com\/donate\" method=\"post\" target=\"_top\"><input name=\"hosted_button_id\" type=\"hidden\" value=\"HW7QMCRPUTM6J\"><br \/>\n<input title=\"PayPal - The safer, easier way to pay online!\" alt=\"Donate with PayPal button\" name=\"submit\" src=\"https:\/\/www.paypalobjects.com\/en_US\/i\/btn\/btn_donateCC_LG.gif\" type=\"image\"><\/p>\n<p>Alias en MP: pasdirector.mp<\/p>\n<\/form>\n<p>Agradeciendo de antemano su atenci\u00f3n y consideraci\u00f3n, quedo a sus \u00f3rdenes,<\/p>\n<p>Atentamente,<\/p>\n<p><b>Cris Hansen<br \/>\nDirector General<br \/>\nPASTUDIO.COM&nbsp;<\/b><\/p>\n","protected":false},"excerpt":{"rendered":"<p>Desde PASTUDIO, &nbsp;siempre nos hemos esmerado para brindar los mejores servicios en materia de educaci\u00f3n art\u00edstica posible a cada uno de nuestros alumnos desde los 5 a\u00f1os en adelante. Tambi\u00e9n hemos becado y ayudado a numerosos alumnos (sin publicitarlo y por razones m\u00faltiples) a lo largo del tiempo desde nuestro comienzo en 1994. Si bien<\/p>\n","protected":false},"author":4,"featured_media":0,"parent":0,"menu_order":0,"comment_status":"closed","ping_status":"closed","template":"","meta":{"ngg_post_thumbnail":0,"footnotes":"","_links_to":"","_links_to_target":""},"class_list":["post-10357","page","type-page","status-publish","hentry"],"_links":{"self":[{"href":"https:\/\/pastudio.com\/index.php?rest_route=\/wp\/v2\/pages\/10357","targetHints":{"allow":["GET"]}}],"collection":[{"href":"https:\/\/pastudio.com\/index.php?rest_route=\/wp\/v2\/pages"}],"about":[{"href":"https:\/\/pastudio.com\/index.php?rest_route=\/wp\/v2\/types\/page"}],"author":[{"embeddable":true,"href":"https:\/\/pastudio.com\/index.php?rest_route=\/wp\/v2\/users\/4"}],"replies":[{"embeddable":true,"href":"https:\/\/pastudio.com\/index.php?rest_route=%2Fwp%2Fv2%2Fcomments&post=10357"}],"version-history":[{"count":0,"href":"https:\/\/pastudio.com\/index.php?rest_route=\/wp\/v2\/pages\/10357\/revisions"}],"wp:attachment":[{"href":"https:\/\/pastudio.com\/index.php?rest_route=%2Fwp%2Fv2%2Fmedia&parent=10357"}],"curies":[{"name":"wp","href":"https:\/\/api.w.org\/{rel}","templated":true}]}}