{"id":10389,"date":"2021-12-16T18:22:06","date_gmt":"2021-12-16T21:22:06","guid":{"rendered":"https:\/\/pastudio.com\/?page_id=10389"},"modified":"2025-12-15T16:04:27","modified_gmt":"2025-12-15T19:04:27","slug":"quienes-somos","status":"publish","type":"page","link":"https:\/\/pastudio.com\/?page_id=10389","title":{"rendered":"QUIENES SOMOS"},"content":{"rendered":"<p><img loading=\"lazy\" decoding=\"async\" class=\"alignleft wp-image-10971 size-thumbnail\" src=\"https:\/\/pastudio.com\/wp-content\/uploads\/2023\/03\/cropped-LOGO-PASTUDIO-150x150.png\" alt=\"\" width=\"150\" height=\"150\" srcset=\"https:\/\/pastudio.com\/wp-content\/uploads\/2023\/03\/cropped-LOGO-PASTUDIO-150x150.png 150w, https:\/\/pastudio.com\/wp-content\/uploads\/2023\/03\/cropped-LOGO-PASTUDIO-300x300.png 300w, https:\/\/pastudio.com\/wp-content\/uploads\/2023\/03\/cropped-LOGO-PASTUDIO-270x270.png 270w, https:\/\/pastudio.com\/wp-content\/uploads\/2023\/03\/cropped-LOGO-PASTUDIO-192x192.png 192w, https:\/\/pastudio.com\/wp-content\/uploads\/2023\/03\/cropped-LOGO-PASTUDIO-180x180.png 180w, https:\/\/pastudio.com\/wp-content\/uploads\/2023\/03\/cropped-LOGO-PASTUDIO-32x32.png 32w, https:\/\/pastudio.com\/wp-content\/uploads\/2023\/03\/cropped-LOGO-PASTUDIO.png 512w\" sizes=\"auto, (max-width: 150px) 100vw, 150px\" \/><\/p>\n<p>Somos una empresa familiar fundada en 1994 por <a href=\"https:\/\/es.wikipedia.org\/wiki\/Cristian_Hansen\">Cris Hansen<\/a>.<\/p>\n<p>The Performing Arts Studio es un centro educativo art\u00edstico con base en la Zona Norte de Buenos Aires, Argentina, donde se ense\u00f1a Comedia Musical y una variedad de artes esc\u00e9nicas &nbsp;desde los 5 a\u00f1os en adelante en el idioma ingl\u00e9s.<\/p>\n<p>Tambien somos Representantes Autorizados de <a href=\"https:\/\/www.nyfa.edu\/\">New York Film Academy<\/a> (NYFA &#8211; USA) y <a href=\"https:\/\/www.amda.edu\/\">The American Musical and Dramatic Academy<\/a> (AMDA &#8211; USA).<\/p>\n<p><strong>Misi\u00f3n<\/strong>: Somos una instituci\u00f3n educativa que, desde nuestro comienzo en 1994, prioriza la atenci\u00f3n personalizada de nuestros alumnos dentro de un ambiente de trabajo contenedor y donde se acent\u00faa la b\u00fasqueda de excelencia art\u00edstica, el trabajo en equipo y tambi\u00e9n se fomenta el sentido de pertenencia.<\/p>\n<p>Nuestro lema: Your Dream&#8230; Our Passion!<\/p>\n<p>Los cursos que ofrecemos incluyen:<\/p>\n<ul>\n<li>Comedia Musical en Ingl\u00e9s para todas las edades<\/li>\n<li>Advanced Musical Theatre<\/li>\n<li>CASTEENS<\/li>\n<li>Playgroup Teatral en Ingl\u00e9s para ni\u00f1os de 5 a 8 a\u00f1os<\/li>\n<li>Actuaci\u00f3n para Teatro y Cine en ingl\u00e9s<\/li>\n<li>Advanced Acting Technique<\/li>\n<li>Microfilm (Castellano)<\/li>\n<li>&#8220;Pop Camp Full Immersion&#8221; en ingl\u00e9s para colegios<\/li>\n<\/ul>\n<ul>\n<li>Seminarios sobre actuaci\u00f3n y Oratoria en espa\u00f1ol para adultos.<\/li>\n<li>Talleres de Comedia Musical, Educaci\u00f3n, Ense\u00f1anza y Oratoria.<\/li>\n<li>Talleres, Cursos cortos y Carreras de hasta 4 a\u00f1os en NYFA y AMDA (USA)<\/li>\n<\/ul>\n<p>Mas detalles sobre nuestro fundador: <a href=\"https:\/\/es.wikipedia.org\/wiki\/Cristian_Hansen\">https:\/\/es.wikipedia.org\/wiki\/Cristian_Hansen<\/a><\/p>\n<p>Nuestra visi\u00f3n<\/p>\n<p>En el corto plazo, por nuestra capacidad organizativa, resultados obtenidos con alumnos, representaci\u00f3n de Universidades prestigiosas internacionales y el profesionalismo de nuestro staff, pretendemos ser el estudio l\u00edder en educaci\u00f3n art\u00edstica biling\u00fce de nuestro pa\u00eds y uno de los m\u00e1s prestigiosos en Latinoam\u00e9rica.<\/p>\n<p>C\u00f3mo nos diferenciamos?<\/p>\n<ol>\n<li>Atenci\u00f3n personalizada y enfoque pedag\u00f3gico hol\u00edstico centrado en el alumno.<\/li>\n<li>Ambiente de trabajo distendido, l\u00fadico, centrado en el otorgamiento de herramientas para el crecimiento integral de cada alumno y con expectativas de logro individuales altas pero alcanzables.<\/li>\n<li>Buscamos lograr el maximo protagonismo y participaci\u00f3n posible de cada alumno en las muestras finales.<\/li>\n<li>Las muestras se realizan por clase.<\/li>\n<li>Alto nivel de bilinguismo.&nbsp;<\/li>\n<li>Staff experta en cada disciplina.<\/li>\n<li>Programas de estudio con contenidos similares a los trabajados en NYFA Y AMDA (USA).<\/li>\n<li>Representantes autorizados de NYFA y AMDA en el pais,<\/li>\n<li>Realizamos giras a EEUU con alumnos para que sigan creciendo de la mano de reconocidos profesionales de Broadway y Hollywood para que puedan adquirir nuevos conocimientos y &nbsp;una mirada internacional.<\/li>\n<li>Tenemos una oferta de clases y talleres desde los 5 a\u00f1os en adelante.<\/li>\n<\/ol>\n<p>Testimoniales<\/p>\n<p>Que es lo que m\u00e1s les gusta a nuestras familias? (algunos comentarios de 2021)<\/p>\n<ul>\n<li><span data-sheets-value=\"{&quot;1&quot;:2,&quot;2&quot;:&quot;La propuesta y c\u00f3mo se adaptaron en Pandemia&quot;}\" data-sheets-userformat=\"{&quot;2&quot;:769,&quot;3&quot;:{&quot;1&quot;:0},&quot;11&quot;:4,&quot;12&quot;:0}\">La propuesta y c\u00f3mo se adaptaron en Pandemia.<\/span><\/li>\n<li><span data-sheets-value=\"{&quot;1&quot;:2,&quot;2&quot;:&quot;El trato con los alumnos, el nivel de excelencia de las clases, c\u00f3mo incentivan a los alumnos para crecer&quot;}\" data-sheets-userformat=\"{&quot;2&quot;:769,&quot;3&quot;:{&quot;1&quot;:0},&quot;11&quot;:4,&quot;12&quot;:0}\">El trato con los alumnos, el nivel de excelencia de las clases, c\u00f3mo incentivan a los alumnos para crecer.<\/span><\/li>\n<li><span data-sheets-value=\"{&quot;1&quot;:2,&quot;2&quot;:&quot;El buen trato, la responsabilidad con la que se toman la tarea art\u00edstica, el orden y cumplimiento con la propuesta&quot;}\" data-sheets-userformat=\"{&quot;2&quot;:769,&quot;3&quot;:{&quot;1&quot;:0},&quot;11&quot;:4,&quot;12&quot;:0}\">El buen trato, la responsabilidad con la que se toman la tarea art\u00edstica, el orden y cumplimiento con la propuesta.<\/span><\/li>\n<li><span data-sheets-value=\"{&quot;1&quot;:2,&quot;2&quot;:&quot;Lo mas atrayente es que es completo (actuacion, canto y baile) y es en ingles&quot;}\" data-sheets-userformat=\"{&quot;2&quot;:769,&quot;3&quot;:{&quot;1&quot;:0},&quot;11&quot;:4,&quot;12&quot;:0}\">Lo mas atrayente es que es completo (actuaci\u00f3n, canto y baile) y es en ingles. El cuidado de los alumnos, la calidad de ense\u00f1anza y los shows de cierre de curso.<\/span><\/li>\n<li><span data-sheets-value=\"{&quot;1&quot;:2,&quot;2&quot;:&quot;It\u2019s a really happy place. I love how you support and encourage each child to be the best that they can be. &quot;}\" data-sheets-userformat=\"{&quot;2&quot;:769,&quot;3&quot;:{&quot;1&quot;:0},&quot;11&quot;:4,&quot;12&quot;:0}\">It\u2019s a really happy place. I love how you support and encourage each child to be the best that they can be.<\/span><\/li>\n<li><span data-sheets-value=\"{&quot;1&quot;:2,&quot;2&quot;:&quot;Espacio de diversi\u00f3n aprendiendo a cantar y bailar con otros, hacer nuevos amigos, tener m\u00e1s protagonismo, animarse, perder la verg\u00fcenza, todo esto en ingl\u00e9s &quot;}\" data-sheets-userformat=\"{&quot;2&quot;:769,&quot;3&quot;:{&quot;1&quot;:0},&quot;11&quot;:4,&quot;12&quot;:0}\">Espacio de diversi\u00f3n aprendiendo a cantar y bailar con otros, hacer nuevos amigos, tener m\u00e1s protagonismo, animarse, perder la verg\u00fcenza, todo esto en ingl\u00e9s<\/span><\/li>\n<li><span data-sheets-value=\"{&quot;1&quot;:2,&quot;2&quot;:&quot;Conocimientos, humanidad y contenci\u00f3n&quot;}\" data-sheets-userformat=\"{&quot;2&quot;:769,&quot;3&quot;:{&quot;1&quot;:0},&quot;11&quot;:4,&quot;12&quot;:0}\">Conocimientos, humanidad y contenci\u00f3n.<\/span><\/li>\n<li><span data-sheets-value=\"{&quot;1&quot;:2,&quot;2&quot;:&quot;Calidad humana y profesiinal&quot;}\" data-sheets-userformat=\"{&quot;2&quot;:769,&quot;3&quot;:{&quot;1&quot;:0},&quot;11&quot;:4,&quot;12&quot;:0}\">Calidad humana y profesional.<\/span><\/li>\n<li><span data-sheets-value=\"{&quot;1&quot;:2,&quot;2&quot;:&quot;La pasi\u00f3n y el disfrute que genera en mi hija&quot;}\" data-sheets-userformat=\"{&quot;2&quot;:769,&quot;3&quot;:{&quot;1&quot;:0},&quot;11&quot;:4,&quot;12&quot;:0}\">La pasi\u00f3n y el disfrute que genera en mi hija.<\/span><\/li>\n<li><span data-sheets-value=\"{&quot;1&quot;:2,&quot;2&quot;:&quot;La calidad de gente&quot;}\" data-sheets-userformat=\"{&quot;2&quot;:769,&quot;3&quot;:{&quot;1&quot;:0},&quot;11&quot;:4,&quot;12&quot;:0}\">La calidad de gente.<\/span><\/li>\n<li><span data-sheets-value=\"{&quot;1&quot;:2,&quot;2&quot;:&quot;nivel de profesionalismo y dedicacion. Practica del idioma ingles&quot;}\" data-sheets-userformat=\"{&quot;2&quot;:769,&quot;3&quot;:{&quot;1&quot;:0},&quot;11&quot;:4,&quot;12&quot;:0}\">Nivel de profesionalismo y dedicacion. Practica del idioma ingles.<\/span><\/li>\n<li><span data-sheets-value=\"{&quot;1&quot;:2,&quot;2&quot;:&quot;La creatividad en los shows, el esfuerzo y las ganas que le ponen a todo. &quot;}\" data-sheets-userformat=\"{&quot;2&quot;:769,&quot;3&quot;:{&quot;1&quot;:0},&quot;11&quot;:4,&quot;12&quot;:0}\">La creatividad en los shows, el esfuerzo y las ganas que le ponen a todo. <\/span><\/li>\n<li><span data-sheets-value=\"{&quot;1&quot;:2,&quot;2&quot;:&quot;El entusiasmo que le ponen al trabajo con los chicos&quot;}\" data-sheets-userformat=\"{&quot;2&quot;:769,&quot;3&quot;:{&quot;1&quot;:0},&quot;11&quot;:4,&quot;12&quot;:0}\">El entusiasmo que le ponen al trabajo con los chicos.<\/span><\/li>\n<li><span data-sheets-value=\"{&quot;1&quot;:2,&quot;2&quot;:&quot;La dedicaci\u00f3n de los profesores &quot;}\" data-sheets-userformat=\"{&quot;2&quot;:769,&quot;3&quot;:{&quot;1&quot;:0},&quot;11&quot;:4,&quot;12&quot;:0}\">La dedicaci\u00f3n de los profesores.<\/span><\/li>\n<li><span data-sheets-value=\"{&quot;1&quot;:2,&quot;2&quot;:&quot;Valoramos como puede desarrollarse en casa area: baile, canto, actuacion asi como motivan y la oportunidad de que cnozcan otros chicos&quot;}\" data-sheets-userformat=\"{&quot;2&quot;:769,&quot;3&quot;:{&quot;1&quot;:0},&quot;11&quot;:4,&quot;12&quot;:0}\">Valoramos como puede desarrollarse en cada \u00e1rea: baile, canto, actuaci\u00f3n as\u00ed como motivan y la oportunidad de que conozcan otros chicos.<\/span><\/li>\n<li><span data-sheets-value=\"{&quot;1&quot;:2,&quot;2&quot;:&quot;El profesionalismo, el cuidado de las chicas, el grupo humano que se arma entre ellas, la comunicaci\u00f3n y el respeto administrativo con los padres&quot;}\" data-sheets-userformat=\"{&quot;2&quot;:769,&quot;3&quot;:{&quot;1&quot;:0},&quot;11&quot;:4,&quot;12&quot;:0}\">El profesionalismo, el cuidado de las chicas, el grupo humano que se arma entre ellas, la comunicaci\u00f3n y el respeto administrativo con los padres.<\/span><\/li>\n<li><span data-sheets-value=\"{&quot;1&quot;:2,&quot;2&quot;:&quot;La propuesta integral. Que los chicos puedan aprender diferentes disciplinas &quot;}\" data-sheets-userformat=\"{&quot;2&quot;:769,&quot;3&quot;:{&quot;1&quot;:0},&quot;11&quot;:4,&quot;12&quot;:0}\">La propuesta integral. Que los chicos puedan aprender diferentes disciplinas.<\/span><\/li>\n<li><span data-sheets-value=\"{&quot;1&quot;:2,&quot;2&quot;:&quot;Lo c\u00f3moda que se siente mi hija en el teatro, la familia que se genera. Lo mucho que se aprende el ingl\u00e9s tambi\u00e9n. &quot;}\" data-sheets-userformat=\"{&quot;2&quot;:769,&quot;3&quot;:{&quot;1&quot;:0},&quot;11&quot;:4,&quot;12&quot;:0}\">Lo c\u00f3moda que se siente mi hija en el teatro, la familia que se genera. Lo mucho que se aprende el ingl\u00e9s tambi\u00e9n. <\/span><\/li>\n<li><span data-sheets-value=\"{&quot;1&quot;:2,&quot;2&quot;:&quot;Primero con el cari\u00f1o que tratan a los chicos. Lo que disfrutan de ese momento. Lo que aprenden y como van creciendo a\u00f1o tras a\u00f1o. &quot;}\" data-sheets-userformat=\"{&quot;2&quot;:769,&quot;3&quot;:{&quot;1&quot;:0},&quot;11&quot;:4,&quot;12&quot;:0}\">Primero con el cari\u00f1o que tratan a los chicos. Lo que disfrutan de ese momento. Lo que aprenden y como van creciendo a\u00f1o tras a\u00f1o. <\/span><\/li>\n<li><span data-sheets-value=\"{&quot;1&quot;:2,&quot;2&quot;:&quot;La seriedad con la que trabajan y lo felices que los chicos van a su actividad &quot;}\" data-sheets-userformat=\"{&quot;2&quot;:769,&quot;3&quot;:{&quot;1&quot;:0},&quot;11&quot;:4,&quot;12&quot;:0}\">La seriedad con la que trabajan y lo felices que los chicos van a su actividad.<\/span><\/li>\n<li>Excelente la calidad artistica, y fabuloso el espiritu de equipo que cultivaron.&nbsp;<\/li>\n<\/ul>\n","protected":false},"excerpt":{"rendered":"<p>Somos una empresa familiar fundada en 1994 por Cris Hansen. The Performing Arts Studio es un centro educativo art\u00edstico con base en la Zona Norte de Buenos Aires, Argentina, donde se ense\u00f1a Comedia Musical y una variedad de artes esc\u00e9nicas &nbsp;desde los 5 a\u00f1os en adelante en el idioma ingl\u00e9s. Tambien somos Representantes Autorizados de<\/p>\n","protected":false},"author":4,"featured_media":0,"parent":0,"menu_order":0,"comment_status":"closed","ping_status":"closed","template":"","meta":{"ngg_post_thumbnail":0,"footnotes":"","_links_to":"","_links_to_target":""},"class_list":["post-10389","page","type-page","status-publish","hentry"],"_links":{"self":[{"href":"https:\/\/pastudio.com\/index.php?rest_route=\/wp\/v2\/pages\/10389","targetHints":{"allow":["GET"]}}],"collection":[{"href":"https:\/\/pastudio.com\/index.php?rest_route=\/wp\/v2\/pages"}],"about":[{"href":"https:\/\/pastudio.com\/index.php?rest_route=\/wp\/v2\/types\/page"}],"author":[{"embeddable":true,"href":"https:\/\/pastudio.com\/index.php?rest_route=\/wp\/v2\/users\/4"}],"replies":[{"embeddable":true,"href":"https:\/\/pastudio.com\/index.php?rest_route=%2Fwp%2Fv2%2Fcomments&post=10389"}],"version-history":[{"count":0,"href":"https:\/\/pastudio.com\/index.php?rest_route=\/wp\/v2\/pages\/10389\/revisions"}],"wp:attachment":[{"href":"https:\/\/pastudio.com\/index.php?rest_route=%2Fwp%2Fv2%2Fmedia&parent=10389"}],"curies":[{"name":"wp","href":"https:\/\/api.w.org\/{rel}","templated":true}]}}