{"id":1560,"date":"2012-03-13T15:06:52","date_gmt":"2012-03-13T18:06:52","guid":{"rendered":"http:\/\/pastudio.com\/?page_id=1560"},"modified":"2025-12-15T15:50:58","modified_gmt":"2025-12-15T18:50:58","slug":"pop-camp-teens","status":"publish","type":"page","link":"https:\/\/pastudio.com\/?page_id=1560","title":{"rendered":"Pop Camp"},"content":{"rendered":"<h3>\u00a1Visiten nuestro Pop camp!<\/h3>\n<h3 id=\"avp_display_shortcode\"><div id=\"ms_avp\" style=\"max-width:99%;box-sizing:border-box;margin-left:auto;margin-right:auto;margin-top:2px;width:515px;\"><video id=\"codepeople_media_player177789819346343\" width=\"515px\" height=\"300\" class=\"codepeople-media classic-skin\" preload=\"none\" style=\"max-width:99%;box-sizing:border-box;margin-left:auto;margin-right:auto;margin-top:2px;width:515px;\"><source src=\"\/\/pastudio.com\/wp-content\/uploads\/2020\/02\/PASTUDIO%20PopCamp.mp4\" type=\"video\/mp4\" \/><\/video><ul id=\"codepeople_media_player177789819346343-list\" class=\"no-playlist\" style=\"display:none;\"><li value=\"{&quot;source&quot;:[{&quot;src&quot;:&quot;\\\/\\\/pastudio.com\\\/wp-content\\\/uploads\\\/2020\\\/02\\\/PASTUDIO%20PopCamp.mp4&quot;,&quot;type&quot;:&quot;video\\\/mp4&quot;}],&quot;track&quot;:[]}\"><span class=\"cpmp-annotation\">Pop Camp<\/span><\/li><\/ul><noscript>audio-and-video-player require JavaScript<\/noscript><div style=\"clear:both;\"><\/div><\/div><\/h3>\n<p>Tambi\u00e9n POP CAMP FULL IMMERSION&nbsp;para colegios.<\/p>\n<p>Un lugar diferente para crecer art\u00edsticamente y cerca de la naturaleza.<\/p>\n<p><a href=\"http:\/\/pastudio.com\/wp-content\/uploads\/2012\/03\/Pop-Camp-Teens-2-LITE.jpg\"><img loading=\"lazy\" decoding=\"async\" class=\"alignnone wp-image-2426 \" title=\"Pop Camp Teens 2 LITE\" src=\"http:\/\/pastudio.com\/wp-content\/uploads\/2012\/03\/Pop-Camp-Teens-2-LITE.jpg\" alt=\"\" width=\"487\" height=\"365\" srcset=\"https:\/\/pastudio.com\/wp-content\/uploads\/2012\/03\/Pop-Camp-Teens-2-LITE.jpg 640w, https:\/\/pastudio.com\/wp-content\/uploads\/2012\/03\/Pop-Camp-Teens-2-LITE-600x450.jpg 600w, https:\/\/pastudio.com\/wp-content\/uploads\/2012\/03\/Pop-Camp-Teens-2-LITE-300x225.jpg 300w\" sizes=\"auto, (max-width: 487px) 100vw, 487px\" \/><\/a><\/p>\n<p align=\"LEFT\">&nbsp;Se trata de una nueva modalidad de camping \u00fanica en Argentina donde ni\u00f1os y adolescentes de 10 a 17 a\u00f1os podr\u00e1n aprender distintas disciplinas art\u00edsticas como canto, actuaci\u00f3n, juegos teatrales, improvisaci\u00f3n y baile junto a expertos en esas disciplinas mientras disfrutan y aprenden diversas actividades campamentiles como: trekking, cocina r\u00fastica, juegos con sogas y cabuyer\u00eda, orientaci\u00f3n, conservaci\u00f3n de la naturaleza, grandes juegos, fog\u00f3n y juegos nocturnos.<\/p>\n<p align=\"LEFT\"><a href=\"http:\/\/pastudio.com\/wp-content\/uploads\/2012\/03\/PASTUDIO-POP-CAMP-girls.jpg\"><img loading=\"lazy\" decoding=\"async\" class=\"alignnone wp-image-2428\" title=\"PASTUDIO POP CAMP girls\" src=\"http:\/\/pastudio.com\/wp-content\/uploads\/2012\/03\/PASTUDIO-POP-CAMP-girls-300x224.jpg\" alt=\"\" width=\"240\" height=\"179\" srcset=\"https:\/\/pastudio.com\/wp-content\/uploads\/2012\/03\/PASTUDIO-POP-CAMP-girls-300x224.jpg 300w, https:\/\/pastudio.com\/wp-content\/uploads\/2012\/03\/PASTUDIO-POP-CAMP-girls.jpg 448w\" sizes=\"auto, (max-width: 240px) 100vw, 240px\" \/><\/a><a href=\"http:\/\/pastudio.com\/wp-content\/uploads\/2012\/03\/PASTUDIO-POP-CAMP-boys.jpg\"><img loading=\"lazy\" decoding=\"async\" class=\"alignnone wp-image-2433\" title=\"PASTUDIO POP CAMP boys\" src=\"http:\/\/pastudio.com\/wp-content\/uploads\/2012\/03\/PASTUDIO-POP-CAMP-boys-300x224.jpg\" alt=\"\" width=\"240\" height=\"179\" srcset=\"https:\/\/pastudio.com\/wp-content\/uploads\/2012\/03\/PASTUDIO-POP-CAMP-boys-300x224.jpg 300w, https:\/\/pastudio.com\/wp-content\/uploads\/2012\/03\/PASTUDIO-POP-CAMP-boys.jpg 448w\" sizes=\"auto, (max-width: 240px) 100vw, 240px\" \/><\/a><\/p>\n<p>PASTUDIO POP CAMP <span style=\"font-size: medium;\">tiene una duraci\u00f3n de 3 d\u00edas con pernocte en un espacio perfectamente equipado y adecuado para llevar adelante todas las actividades propuestas en un predio con amplio entorno campestre y natural. Cuenta, adem\u00e1s, con servicio de vigilancia y cobertura m\u00e9dica. <\/span><\/p>\n<p><span style=\"font-size: medium;\"><a href=\"http:\/\/pastudio.com\/wp-content\/uploads\/2012\/03\/PASTUDIO-POP-CAMP-dance-small-2.jpg\"><img loading=\"lazy\" decoding=\"async\" class=\"alignnone wp-image-2431\" title=\"PASTUDIO POP CAMP dance small 2\" src=\"http:\/\/pastudio.com\/wp-content\/uploads\/2012\/03\/PASTUDIO-POP-CAMP-dance-small-2-300x224.jpg\" alt=\"\" width=\"240\" height=\"179\" srcset=\"https:\/\/pastudio.com\/wp-content\/uploads\/2012\/03\/PASTUDIO-POP-CAMP-dance-small-2-300x224.jpg 300w, https:\/\/pastudio.com\/wp-content\/uploads\/2012\/03\/PASTUDIO-POP-CAMP-dance-small-2.jpg 448w\" sizes=\"auto, (max-width: 240px) 100vw, 240px\" \/><\/a><a href=\"http:\/\/pastudio.com\/wp-content\/uploads\/2012\/03\/PASTUDIO-POP-CAMP-FILM-small.jpg\"><img loading=\"lazy\" decoding=\"async\" class=\"alignnone wp-image-2429\" title=\"PASTUDIO POP CAMP FILM small\" src=\"http:\/\/pastudio.com\/wp-content\/uploads\/2012\/03\/PASTUDIO-POP-CAMP-FILM-small-300x224.jpg\" alt=\"\" width=\"240\" height=\"179\" srcset=\"https:\/\/pastudio.com\/wp-content\/uploads\/2012\/03\/PASTUDIO-POP-CAMP-FILM-small-300x224.jpg 300w, https:\/\/pastudio.com\/wp-content\/uploads\/2012\/03\/PASTUDIO-POP-CAMP-FILM-small.jpg 448w\" sizes=\"auto, (max-width: 240px) 100vw, 240px\" \/><\/a><\/span><\/p>\n<p><span style=\"text-decoration: underline;\">Modalidad de trabajo y actividades:<\/span><br \/>\n<span style=\"font-size: medium;\">Los participantes, quienes <\/span><strong><span style=\"font-family: Calibri,Calibri; font-size: medium;\"><span style=\"font-family: Calibri,Calibri; font-size: medium;\">llegar\u00e1n por sus propios medios,<\/span><\/span><\/strong><span style=\"font-size: medium;\"> disfrutar\u00e1n de un programa rico en actividades art\u00edsticas y campamentiles que var\u00edan diariamente. Por las noches, dormir\u00e1n en carpas bajo las estrellas disponiendo, adem\u00e1s, de vestuarios y un sal\u00f3n cubierto en caso de necesidad. Tambi\u00e9n recibir\u00e1n todas las comidas durante su estad\u00eda (desayuno, almuerzo, merienda y cena). <\/span><\/p>\n<p><span style=\"font-size: medium;\"><a href=\"http:\/\/pastudio.com\/wp-content\/uploads\/2012\/03\/PASTUDIO-POP-CAMP-cabecarril.jpg\"><img loading=\"lazy\" decoding=\"async\" class=\"alignnone wp-image-2435\" title=\"PASTUDIO POP CAMP cabecarril\" src=\"http:\/\/pastudio.com\/wp-content\/uploads\/2012\/03\/PASTUDIO-POP-CAMP-cabecarril-300x224.jpg\" alt=\"\" width=\"240\" height=\"179\" srcset=\"https:\/\/pastudio.com\/wp-content\/uploads\/2012\/03\/PASTUDIO-POP-CAMP-cabecarril-300x224.jpg 300w, https:\/\/pastudio.com\/wp-content\/uploads\/2012\/03\/PASTUDIO-POP-CAMP-cabecarril.jpg 448w\" sizes=\"auto, (max-width: 240px) 100vw, 240px\" \/><\/a><a href=\"http:\/\/pastudio.com\/wp-content\/uploads\/2012\/03\/PASTUDIO-POP-CAMP-sogas.jpg\"><img loading=\"lazy\" decoding=\"async\" class=\"alignnone wp-image-2427\" title=\"PASTUDIO POP CAMP sogas\" src=\"http:\/\/pastudio.com\/wp-content\/uploads\/2012\/03\/PASTUDIO-POP-CAMP-sogas-300x224.jpg\" alt=\"\" width=\"240\" height=\"179\" srcset=\"https:\/\/pastudio.com\/wp-content\/uploads\/2012\/03\/PASTUDIO-POP-CAMP-sogas-300x224.jpg 300w, https:\/\/pastudio.com\/wp-content\/uploads\/2012\/03\/PASTUDIO-POP-CAMP-sogas.jpg 448w\" sizes=\"auto, (max-width: 240px) 100vw, 240px\" \/><\/a><\/span><\/p>\n<p>Ejemplo de actividades: Juegos teatrales e improvisaci\u00f3n, canto e interpretaci\u00f3n de canto, &#8220;Survival Man&#8221; x equipo (Orientaci\u00f3n para encontrar parrilla, f\u00f3sforos, comida ,etc.), juegos con sogas, taller de nudos y herramientas campamentiles, recolecci\u00f3n de le\u00f1a y preparaci\u00f3n de fogones por equipo, trekking, Hip Hop, taller experimental de instrumentos, noche de presentaciones de sketches y &#8220;performance&#8221;, orientaci\u00f3n y conservaci\u00f3n de la naturaleza.<\/p>\n<p><a href=\"http:\/\/pastudio.com\/wp-content\/uploads\/2012\/03\/PASTUDIO-POP-CAMP-armado-carpa-2.jpg\"><img loading=\"lazy\" decoding=\"async\" class=\"alignnone wp-image-2437\" title=\"PASTUDIO POP CAMP armado carpa 2\" src=\"http:\/\/pastudio.com\/wp-content\/uploads\/2012\/03\/PASTUDIO-POP-CAMP-armado-carpa-2-300x224.jpg\" alt=\"\" width=\"240\" height=\"179\" srcset=\"https:\/\/pastudio.com\/wp-content\/uploads\/2012\/03\/PASTUDIO-POP-CAMP-armado-carpa-2-300x224.jpg 300w, https:\/\/pastudio.com\/wp-content\/uploads\/2012\/03\/PASTUDIO-POP-CAMP-armado-carpa-2.jpg 448w\" sizes=\"auto, (max-width: 240px) 100vw, 240px\" \/><\/a><a href=\"http:\/\/pastudio.com\/wp-content\/uploads\/2012\/03\/PASTUDIO-POP-CAMP-bonfire.jpg\"><img loading=\"lazy\" decoding=\"async\" class=\"alignnone wp-image-2434\" title=\"PASTUDIO POP CAMP bonfire\" src=\"http:\/\/pastudio.com\/wp-content\/uploads\/2012\/03\/PASTUDIO-POP-CAMP-bonfire-300x224.jpg\" alt=\"\" width=\"240\" height=\"179\" srcset=\"https:\/\/pastudio.com\/wp-content\/uploads\/2012\/03\/PASTUDIO-POP-CAMP-bonfire-300x224.jpg 300w, https:\/\/pastudio.com\/wp-content\/uploads\/2012\/03\/PASTUDIO-POP-CAMP-bonfire.jpg 448w\" sizes=\"auto, (max-width: 240px) 100vw, 240px\" \/><\/a><\/p>\n<p style=\"text-align: center;\"><a href=\"https:\/\/forms.gle\/aE8iFZrU49DV3wiXA\">M\u00e1s informaci\u00f3n e inscripciones<\/a><\/p>\n<h3 style=\"text-align: center;\"><strong><span style=\"font-family: Arial; font-size: x-small;\">PASTUDIO POP CAMP : ALL RIGHTS RESERVED<\/span><\/strong><\/h3>\n","protected":false},"excerpt":{"rendered":"<p>\u00a1Visiten nuestro Pop camp! Tambi\u00e9n POP CAMP FULL IMMERSION&nbsp;para colegios. Un lugar diferente para crecer art\u00edsticamente y cerca de la naturaleza. &nbsp;Se trata de una nueva modalidad de camping \u00fanica en Argentina donde ni\u00f1os y adolescentes de 10 a 17 a\u00f1os podr\u00e1n aprender distintas disciplinas art\u00edsticas como canto, actuaci\u00f3n, juegos teatrales, improvisaci\u00f3n y baile junto<\/p>\n","protected":false},"author":4,"featured_media":0,"parent":0,"menu_order":0,"comment_status":"closed","ping_status":"closed","template":"","meta":{"ngg_post_thumbnail":0,"footnotes":"","_links_to":"","_links_to_target":""},"class_list":["post-1560","page","type-page","status-publish","hentry"],"_links":{"self":[{"href":"https:\/\/pastudio.com\/index.php?rest_route=\/wp\/v2\/pages\/1560","targetHints":{"allow":["GET"]}}],"collection":[{"href":"https:\/\/pastudio.com\/index.php?rest_route=\/wp\/v2\/pages"}],"about":[{"href":"https:\/\/pastudio.com\/index.php?rest_route=\/wp\/v2\/types\/page"}],"author":[{"embeddable":true,"href":"https:\/\/pastudio.com\/index.php?rest_route=\/wp\/v2\/users\/4"}],"replies":[{"embeddable":true,"href":"https:\/\/pastudio.com\/index.php?rest_route=%2Fwp%2Fv2%2Fcomments&post=1560"}],"version-history":[{"count":0,"href":"https:\/\/pastudio.com\/index.php?rest_route=\/wp\/v2\/pages\/1560\/revisions"}],"wp:attachment":[{"href":"https:\/\/pastudio.com\/index.php?rest_route=%2Fwp%2Fv2%2Fmedia&parent=1560"}],"curies":[{"name":"wp","href":"https:\/\/api.w.org\/{rel}","templated":true}]}}