{"id":241,"date":"2011-08-22T18:19:42","date_gmt":"2011-08-22T21:19:42","guid":{"rendered":"http:\/\/pastudio.com\/blog\/?page_id=241"},"modified":"2026-01-12T17:45:06","modified_gmt":"2026-01-12T20:45:06","slug":"home-2","status":"publish","type":"page","link":"https:\/\/pastudio.com\/","title":{"rendered":"WELCOME TO PASTUDIO.COM"},"content":{"rendered":"<h1 style=\"text-align: center;\"><span style=\"color: #000000;\"><span style=\"caret-color: #ffff00;\">Making dreams come true since 1994<\/span><\/span><\/h1>\n<p style=\"text-align: center;\"><div id=\"metaslider-id-7216\" style=\"max-width: 700px;\" class=\"ml-slider-3-107-0 metaslider metaslider-nivo metaslider-7216 ml-slider has-dots-nav ms-theme-default\" role=\"region\" aria-label=\"New Slideshow\" data-height=\"400\" data-width=\"700\">\n    <div id=\"metaslider_container_7216\">\n        <div class='slider-wrapper theme-default'><div class='ribbon'><\/div><div id='metaslider_7216' class='nivoSlider'><img loading=\"lazy\" decoding=\"async\" src=\"https:\/\/pastudio.com\/wp-content\/uploads\/2019\/02\/Neverland-9-1-scaled-700x400.jpg\" height=\"400\" width=\"700\" title=\"Neverland 9\" alt=\"\" class=\"slider-7216 slide-7278 msDefaultImage\" \/><img loading=\"lazy\" decoding=\"async\" src=\"https:\/\/pastudio.com\/wp-content\/uploads\/2019\/02\/TROLLS-3-scaled-700x400.jpg\" height=\"400\" width=\"700\" title=\"TROLLS 3\" alt=\"\" class=\"slider-7216 slide-7292 msDefaultImage\" \/><img loading=\"lazy\" decoding=\"async\" src=\"https:\/\/pastudio.com\/wp-content\/uploads\/2019\/02\/IMG_0175-scaled-700x400.jpg\" height=\"400\" width=\"700\" title=\"IMG_0175\" alt=\"\" class=\"slider-7216 slide-7272 msDefaultImage\" \/><img loading=\"lazy\" decoding=\"async\" src=\"https:\/\/pastudio.com\/wp-content\/uploads\/2019\/02\/PASTUDIO-TDSOTW19-scaled-700x400.jpg\" height=\"400\" width=\"700\" title=\"PASTUDIO TDSOTW19\" alt=\"\" class=\"slider-7216 slide-7288 msDefaultImage\" \/><img loading=\"lazy\" decoding=\"async\" src=\"https:\/\/pastudio.com\/wp-content\/uploads\/2019\/02\/022-scaled-700x400.jpg\" height=\"400\" width=\"700\" title=\"022\" alt=\"\" class=\"slider-7216 slide-7263 msDefaultImage\" \/><img loading=\"lazy\" decoding=\"async\" src=\"https:\/\/pastudio.com\/wp-content\/uploads\/2019\/02\/NYFA-workshop-6-scaled-700x400.jpg\" height=\"400\" width=\"700\" title=\"NYFA workshop 6\" alt=\"\" class=\"slider-7216 slide-7282 msDefaultImage\" \/><img loading=\"lazy\" decoding=\"async\" src=\"https:\/\/pastudio.com\/wp-content\/uploads\/2019\/02\/PASTUDIO-2019-Animated-2-700x400.gif\" height=\"400\" width=\"700\" title=\"PASTUDIO 2019 Animated\" alt=\"\" class=\"slider-7216 slide-7283 msDefaultImage\" \/><img loading=\"lazy\" decoding=\"async\" src=\"https:\/\/pastudio.com\/wp-content\/uploads\/2019\/02\/IMG_0208-1-scaled-700x400.jpg\" height=\"400\" width=\"700\" title=\"IMG_0208\" alt=\"\" class=\"slider-7216 slide-7273 msDefaultImage\" \/><img loading=\"lazy\" decoding=\"async\" src=\"https:\/\/pastudio.com\/wp-content\/uploads\/2019\/02\/005-scaled-700x400.jpg\" height=\"400\" width=\"700\" title=\"005\" alt=\"\" class=\"slider-7216 slide-7261 msDefaultImage\" \/><img loading=\"lazy\" decoding=\"async\" src=\"https:\/\/pastudio.com\/wp-content\/uploads\/2019\/02\/0e80603e-d6ed-4711-9c94-7f3044adab34-22-700x400.jpg\" height=\"400\" width=\"700\" title=\"0e80603e-d6ed-4711-9c94-7f3044adab34 22\" alt=\"\" class=\"slider-7216 slide-7259 msDefaultImage\" \/><img loading=\"lazy\" decoding=\"async\" src=\"https:\/\/pastudio.com\/wp-content\/uploads\/2019\/02\/IMG_0525-1-scaled-700x400.jpg\" height=\"400\" width=\"700\" title=\"IMG_0525\" alt=\"\" class=\"slider-7216 slide-7267 msDefaultImage\" \/><img loading=\"lazy\" decoding=\"async\" src=\"https:\/\/pastudio.com\/wp-content\/uploads\/2019\/02\/TROLLS-2-1-scaled-700x400.jpg\" height=\"400\" width=\"700\" title=\"TROLLS 2\" alt=\"\" class=\"slider-7216 slide-7291 msDefaultImage\" \/><img loading=\"lazy\" decoding=\"async\" src=\"https:\/\/pastudio.com\/wp-content\/uploads\/2019\/02\/b0d72749-071a-45a2-b577-0e7c954796b6-22-700x400.jpg\" height=\"400\" width=\"700\" title=\"b0d72749-071a-45a2-b577-0e7c954796b6 22\" alt=\"\" class=\"slider-7216 slide-7275 msDefaultImage\" \/><img loading=\"lazy\" decoding=\"async\" src=\"https:\/\/pastudio.com\/wp-content\/uploads\/2019\/02\/IMG_0279-scaled-700x400.jpg\" height=\"400\" width=\"700\" title=\"IMG_0279\" alt=\"\" class=\"slider-7216 slide-7268 msDefaultImage\" \/><img loading=\"lazy\" decoding=\"async\" src=\"https:\/\/pastudio.com\/wp-content\/uploads\/2019\/02\/PASTUDIO-TDSOTW3-scaled-700x400.jpg\" height=\"400\" width=\"700\" title=\"PASTUDIO TDSOTW3\" alt=\"\" class=\"slider-7216 slide-7284 msDefaultImage\" \/><img loading=\"lazy\" decoding=\"async\" src=\"https:\/\/pastudio.com\/wp-content\/uploads\/2019\/02\/IMG_0762-1-scaled-700x400.jpg\" height=\"400\" width=\"700\" title=\"IMG_0762\" alt=\"\" class=\"slider-7216 slide-7270 msDefaultImage\" \/><img loading=\"lazy\" decoding=\"async\" src=\"https:\/\/pastudio.com\/wp-content\/uploads\/2019\/02\/Neverland-8-scaled-700x400.jpg\" height=\"400\" width=\"700\" title=\"Neverland 8\" alt=\"\" class=\"slider-7216 slide-7277 msDefaultImage\" \/><img loading=\"lazy\" decoding=\"async\" src=\"https:\/\/pastudio.com\/wp-content\/uploads\/2019\/02\/002a-NYFA-scaled-700x400.jpg\" height=\"400\" width=\"700\" title=\"002a NYFA\" alt=\"\" class=\"slider-7216 slide-7260 msDefaultImage\" \/><img loading=\"lazy\" decoding=\"async\" src=\"https:\/\/pastudio.com\/wp-content\/uploads\/2019\/02\/AFTAF-SITE-2-2-scaled-700x400.jpg\" height=\"400\" width=\"700\" title=\"AFTAF SITE 2\" alt=\"\" class=\"slider-7216 slide-7266 msDefaultImage\" \/><img loading=\"lazy\" decoding=\"async\" src=\"https:\/\/pastudio.com\/wp-content\/uploads\/2019\/02\/PASTUDIO-TDSOTW15-scaled-700x400.jpg\" height=\"400\" width=\"700\" title=\"PASTUDIO TDSOTW15\" alt=\"\" class=\"slider-7216 slide-7286 msDefaultImage\" \/><img loading=\"lazy\" decoding=\"async\" src=\"https:\/\/pastudio.com\/wp-content\/uploads\/2019\/02\/PASTUDIO-TDSOTW13-scaled-700x400.jpg\" height=\"400\" width=\"700\" title=\"PASTUDIO TDSOTW13\" alt=\"\" class=\"slider-7216 slide-7285 msDefaultImage\" \/><img loading=\"lazy\" decoding=\"async\" src=\"https:\/\/pastudio.com\/wp-content\/uploads\/2019\/02\/AMDA-workshop-3-scaled-700x400.jpg\" height=\"400\" width=\"700\" title=\"AMDA workshop 3\" alt=\"\" class=\"slider-7216 slide-7274 msDefaultImage\" \/><img loading=\"lazy\" decoding=\"async\" src=\"https:\/\/pastudio.com\/wp-content\/uploads\/2019\/02\/IMG_0060-1-scaled-700x400.jpg\" height=\"400\" width=\"700\" title=\"IMG_0060\" alt=\"\" class=\"slider-7216 slide-7271 msDefaultImage\" \/><img loading=\"lazy\" decoding=\"async\" src=\"https:\/\/pastudio.com\/wp-content\/uploads\/2019\/02\/Pop-Camp-Tutti-scaled-700x400.jpg\" height=\"400\" width=\"700\" title=\"Pop Camp Tutti\" alt=\"\" class=\"slider-7216 slide-7290 msDefaultImage\" \/><img loading=\"lazy\" decoding=\"async\" src=\"https:\/\/pastudio.com\/wp-content\/uploads\/2019\/02\/IMG_0629-scaled-700x400.jpg\" height=\"400\" width=\"700\" title=\"IMG_0629\" alt=\"\" class=\"slider-7216 slide-7269 msDefaultImage\" \/><img loading=\"lazy\" decoding=\"async\" src=\"https:\/\/pastudio.com\/wp-content\/uploads\/2019\/02\/22dea7d4-923c-4a47-882d-5d14c6218f83-22-700x400.jpg\" height=\"400\" width=\"700\" title=\"22dea7d4-923c-4a47-882d-5d14c6218f83 22\" alt=\"\" class=\"slider-7216 slide-7264 msDefaultImage\" \/><img loading=\"lazy\" decoding=\"async\" src=\"https:\/\/pastudio.com\/wp-content\/uploads\/2019\/02\/Pop-Camp-Fogon-scaled-700x400.jpg\" height=\"400\" width=\"700\" title=\"Pop Camp Fogon\" alt=\"\" class=\"slider-7216 slide-7289 msDefaultImage\" \/><img loading=\"lazy\" decoding=\"async\" src=\"https:\/\/pastudio.com\/wp-content\/uploads\/2019\/02\/ADV-ACTING-5-women-scaled-700x400.jpg\" height=\"400\" width=\"700\" title=\"ADV ACTING 5 women\" alt=\"\" class=\"slider-7216 slide-7265 msDefaultImage\" \/><img loading=\"lazy\" decoding=\"async\" src=\"https:\/\/pastudio.com\/wp-content\/uploads\/2019\/02\/Neverland-11-scaled-700x400.jpg\" height=\"400\" width=\"700\" title=\"Neverland 11\" alt=\"\" class=\"slider-7216 slide-7279 msDefaultImage\" \/><img loading=\"lazy\" decoding=\"async\" src=\"https:\/\/pastudio.com\/wp-content\/uploads\/2019\/02\/Neverland-12-scaled-700x400.jpg\" height=\"400\" width=\"700\" title=\"Neverland 12\" alt=\"\" class=\"slider-7216 slide-7280 msDefaultImage\" \/><img loading=\"lazy\" decoding=\"async\" src=\"https:\/\/pastudio.com\/wp-content\/uploads\/2019\/02\/IMG_0186-scaled-700x400.jpg\" height=\"400\" width=\"700\" title=\"IMG_0186\" alt=\"\" class=\"slider-7216 slide-7218 msDefaultImage\" \/><img loading=\"lazy\" decoding=\"async\" src=\"https:\/\/pastudio.com\/wp-content\/uploads\/2019\/02\/TROLLS-2018-scaled-700x400.jpg\" height=\"400\" width=\"700\" title=\"TROLLS 2018\" alt=\"\" class=\"slider-7216 slide-7293 msDefaultImage\" \/><img loading=\"lazy\" decoding=\"async\" src=\"https:\/\/pastudio.com\/wp-content\/uploads\/2019\/02\/Neverland-15-1-scaled-700x400.jpg\" height=\"400\" width=\"700\" title=\"Neverland 15\" alt=\"\" class=\"slider-7216 slide-7281 msDefaultImage\" \/><img loading=\"lazy\" decoding=\"async\" src=\"https:\/\/pastudio.com\/wp-content\/uploads\/2019\/02\/NEVERLAND-1-scaled-700x400.jpg\" height=\"400\" width=\"700\" title=\"NEVERLAND 1\" alt=\"\" class=\"slider-7216 slide-7276 msDefaultImage\" \/><img loading=\"lazy\" decoding=\"async\" src=\"https:\/\/pastudio.com\/wp-content\/uploads\/2019\/02\/PASTUDIO-TDSOTW16-scaled-700x400.jpg\" height=\"400\" width=\"700\" title=\"PASTUDIO TDSOTW16\" alt=\"\" class=\"slider-7216 slide-7287 msDefaultImage\" \/><img loading=\"lazy\" decoding=\"async\" src=\"https:\/\/pastudio.com\/wp-content\/uploads\/2019\/02\/8a767f3d-93e5-4cea-afe3-a5804c83dd0b-22-700x400.jpg\" height=\"400\" width=\"700\" title=\"8a767f3d-93e5-4cea-afe3-a5804c83dd0b 22\" alt=\"\" class=\"slider-7216 slide-7262 msDefaultImage\" \/><\/div><\/div>\n        \n    <\/div>\n<\/div><\/p>\n<h2 style=\"text-align: center;\">&nbsp;LOS CURSOS COMIENZAN EN MARZO<\/h2>\n<h2 style=\"text-align: center;\"><a href=\"https:\/\/forms.gle\/aE8iFZrU49DV3wiXA\">LINK DIRECTO INSCRIPCIONES ONLINE<\/a><\/h2>\n<h2 style=\"text-align: center;\"><span style=\"font-size: 16px;\">Contacto:&nbsp;<a href=\"mailto:pastudioarg@gmail.com\">pastudioarg@gmail.com<\/a><\/span><\/h2>\n<h2 style=\"text-align: center;\"><span style=\"font-size: 16px;\"><strong>112-093-1833 <\/strong><strong>\/ 5411-2203-6398 <\/strong><\/span><span style=\"font-size: 16px;\"><strong>(nuevo n\u00famero,Vte. L\u00f3pez)<\/strong><\/span><\/h2>\n<p><span style=\"font-size: 16px;\">Fundada en 1994 por Cris Hansen, The Performing Arts Studio es un centro educativo art\u00edstico con base en la Zona Norte de Buenos Aires, Argentina, donde se ense\u00f1a Comedia Musical y una variedad de artes esc\u00e9nicas &nbsp;desde los 5 a\u00f1os en adelante en ingl\u00e9s.<\/span><\/p>\n<p><span style=\"color: #993300;\"><em><span style=\"font-size: 18px;\"><strong>Misi\u00f3n:<\/strong> Somos una instituci\u00f3n educativa que, desde nuestro comienzo en 1994, prioriza la atenci\u00f3n personalizada de nuestros alumnos dentro de un ambiente de trabajo contenedor y donde se acent\u00faa la b\u00fasqueda de excelencia art\u00edstica, el trabajo en equipo y tambi\u00e9n se fomenta el sentido de pertenencia.<\/span><\/em><\/span><\/p>\n<p style=\"text-align: center;\"><span style=\"color: #993300; font-size: 17px;\"><em>Nuestro lema: &#8220;Your Dream&#8230; Our Passion!&#8221;<\/em><\/span><\/p>\n<h2 style=\"text-align: center;\"><span style=\"font-size: 16px;\">Tambi\u00e9n somos Representantes Autorizados de:<br \/>\nNew York Film Academy (NYFA &#8211; USA) y The American Musical and Dramatic Academy (AMDA &#8211; USA).<\/span><\/h2>\n<p><span style=\"font-size: 16px;\">Los cursos que ofrecemos incluyen:<\/span><\/p>\n<ul>\n<li><span style=\"font-size: 16px;\">Comedia Musical en Ingl\u00e9s para ni\u00f1os, adolescentes y adultos<\/span><\/li>\n<li><span style=\"font-size: 16px;\">Talleres de montaje: Casteen (de 12-17 a\u00f1os) y Showbiz (16 +)<\/span><\/li>\n<li><span style=\"font-size: 16px;\">Playgroup Teatral en Ingl\u00e9s para ni\u00f1os de 5 a 8 a\u00f1os<\/span><\/li>\n<li><span style=\"font-size: 16px;\">Actuaci\u00f3n para Teatro y Cine en ingl\u00e9s (adolescentes y adultos)<\/span><\/li>\n<li><span style=\"font-size: 16px;\">Producci\u00f3n cinematogr\u00e1fica: Microfilm (Castellano &#8211; 14 a\u00f1os +)<\/span><\/li>\n<li><span style=\"font-size: 16px;\">&#8220;Pop Camp Full Immersion&#8221; en ingl\u00e9s para colegios<\/span><\/li>\n<li><span style=\"font-size: 16px;\">Seminarios sobre actuaci\u00f3n y Oratoria en espa\u00f1ol e ingl\u00e9s para adultos.<\/span><\/li>\n<li><span style=\"font-size: 16px;\">Talleres de Comedia Musical, Educaci\u00f3n, Ense\u00f1anza y Oratoria.<\/span><\/li>\n<li><span style=\"font-size: 16px;\">Talleres, Cursos cortos y Carreras de hasta 4 a\u00f1os en NYFA y AMDA (USA)<\/span><\/li>\n<\/ul>\n<p style=\"text-align: center;\"><span style=\"font-size: 16px;\">COMO LLEGAR:&nbsp;<br \/>\n<\/span><span style=\"font-size: 16px;\"><a href=\"https:\/\/www.google.com\/maps\/place\/PASTUDIO\/@-34.533367,-58.4813091,15z\/data=!4m2!3m1!1s0x0:0x9fe6c4de95e09cea?sa=X&amp;ved=2ahUKEwjKrL2tls30AhX4ppUCHXZxBvwQ_BJ6BAhlEAU\">GOOGLE MAPS<\/a><br \/>\n<\/span><span style=\"font-size: 16px;\"><a href=\"https:\/\/www.waze.com\/es\/live-map\/directions\/pastudio-gral.-lavalle-1641-florida?to=place.w.197592495.1976056019.6923217\">WAZE&nbsp;<\/a><\/span><\/p>\n<p><span style=\"font-size: 16px;\">Tambi\u00e9n producimos espect\u00e1culos originales, art\u00edstas y brindamos servicios de consultor\u00eda para escuelas y servicios para empresas.<\/span><\/p>\n<p><span style=\"font-size: 16px;\">Si usted reci\u00e9n comienza, o tiene amplia experiencia, PASTUDIO.COM lo ayudar\u00e1 a crecer much\u00edsimo en Comedia Musical y artes esc\u00e9nicas.<\/span><\/p>\n<h2 style=\"text-align: center;\"><a href=\"https:\/\/forms.gle\/aE8iFZrU49DV3wiXA\"><span style=\"font-size: 24px;\">LINK DIRECTO INSCRIPCIONES ONLINE<\/span><\/a><\/h2>\n<h2 style=\"text-align: center;\"><span style=\"font-size: 16px;\">Contacto:&nbsp;<a href=\"mailto:pastudioarg@gmail.com\">pastudioarg@gmail.com&nbsp;<\/a><\/span><\/h2>\n<h3 style=\"text-align: center;\"><span style=\"font-size: 16px;\"><strong>112-093-1833<\/strong><strong>\/<br \/>\n<\/strong><strong>5411-2203-6398 (nuevo n\u00famero,Vte. L\u00f3pez)<\/strong><\/span><\/h3>\n","protected":false},"excerpt":{"rendered":"<p>Making dreams come true since 1994 &nbsp;LOS CURSOS COMIENZAN EN MARZO LINK DIRECTO INSCRIPCIONES ONLINE Contacto:&nbsp;pastudioarg@gmail.com 112-093-1833 \/ 5411-2203-6398 (nuevo n\u00famero,Vte. L\u00f3pez) Fundada en 1994 por Cris Hansen, The Performing Arts Studio es un centro educativo art\u00edstico con base en la Zona Norte de Buenos Aires, Argentina, donde se ense\u00f1a Comedia Musical y una variedad<\/p>\n","protected":false},"author":4,"featured_media":0,"parent":0,"menu_order":1,"comment_status":"closed","ping_status":"closed","template":"","meta":{"ngg_post_thumbnail":0,"footnotes":"","_links_to":"","_links_to_target":""},"class_list":["post-241","page","type-page","status-publish","hentry"],"_links":{"self":[{"href":"https:\/\/pastudio.com\/index.php?rest_route=\/wp\/v2\/pages\/241","targetHints":{"allow":["GET"]}}],"collection":[{"href":"https:\/\/pastudio.com\/index.php?rest_route=\/wp\/v2\/pages"}],"about":[{"href":"https:\/\/pastudio.com\/index.php?rest_route=\/wp\/v2\/types\/page"}],"author":[{"embeddable":true,"href":"https:\/\/pastudio.com\/index.php?rest_route=\/wp\/v2\/users\/4"}],"replies":[{"embeddable":true,"href":"https:\/\/pastudio.com\/index.php?rest_route=%2Fwp%2Fv2%2Fcomments&post=241"}],"version-history":[{"count":0,"href":"https:\/\/pastudio.com\/index.php?rest_route=\/wp\/v2\/pages\/241\/revisions"}],"wp:attachment":[{"href":"https:\/\/pastudio.com\/index.php?rest_route=%2Fwp%2Fv2%2Fmedia&parent=241"}],"curies":[{"name":"wp","href":"https:\/\/api.w.org\/{rel}","templated":true}]}}