{"id":2553,"date":"2012-10-29T10:29:23","date_gmt":"2012-10-29T13:29:23","guid":{"rendered":"http:\/\/pastudio.com\/?page_id=2553"},"modified":"2025-12-11T15:51:34","modified_gmt":"2025-12-11T18:51:34","slug":"acting-for-theatre-and-film","status":"publish","type":"page","link":"https:\/\/pastudio.com\/?page_id=2553","title":{"rendered":"Acting for Theatre and Film"},"content":{"rendered":"<p><a href=\"http:\/\/pastudio.com\/wp-content\/uploads\/2019\/02\/AFTAF-SITE-2.jpg\"><img loading=\"lazy\" decoding=\"async\" class=\"alignnone wp-image-7183\" src=\"https:\/\/pastudio.com\/wp-content\/uploads\/2019\/02\/AFTAF-SITE-2-1024x604.jpg\" alt=\"\" width=\"459\" height=\"271\" srcset=\"https:\/\/pastudio.com\/wp-content\/uploads\/2019\/02\/AFTAF-SITE-2-1024x604.jpg 1024w, https:\/\/pastudio.com\/wp-content\/uploads\/2019\/02\/AFTAF-SITE-2-600x354.jpg 600w, https:\/\/pastudio.com\/wp-content\/uploads\/2019\/02\/AFTAF-SITE-2-300x177.jpg 300w, https:\/\/pastudio.com\/wp-content\/uploads\/2019\/02\/AFTAF-SITE-2-768x453.jpg 768w\" sizes=\"auto, (max-width: 459px) 100vw, 459px\" \/><\/a><\/p>\n<p>A pedido&nbsp;de alumnos que viajaban a NYFA para estudiar &#8220;Acting for Film&#8221; y otros alumnos que solo quer\u00edan estudiar teatro, abrimos este curso de 4 meses de duraci\u00f3n para prepararlos y trabajar aspectos esc\u00e9nicos propios del teatro le\u00eddo y el cine.<\/p>\n<p>Abrimos un curso a principio del primer&nbsp;a\u00f1o y luego, debido a la aceptaci\u00f3n del curso, agregamos otro m\u00f3dulo a mi vuelta de New York a partir del mes de Agosto.<\/p>\n<p><a href=\"http:\/\/pastudio.com\/wp-content\/uploads\/2019\/02\/AFTAF-SITE-4.jpg\"><img loading=\"lazy\" decoding=\"async\" class=\"alignnone wp-image-7197\" src=\"http:\/\/pastudio.com\/wp-content\/uploads\/2019\/02\/AFTAF-SITE-4-1024x509.jpg\" alt=\"\" width=\"465\" height=\"231\" srcset=\"https:\/\/pastudio.com\/wp-content\/uploads\/2019\/02\/AFTAF-SITE-4-1024x509.jpg 1024w, https:\/\/pastudio.com\/wp-content\/uploads\/2019\/02\/AFTAF-SITE-4-600x298.jpg 600w, https:\/\/pastudio.com\/wp-content\/uploads\/2019\/02\/AFTAF-SITE-4-300x149.jpg 300w, https:\/\/pastudio.com\/wp-content\/uploads\/2019\/02\/AFTAF-SITE-4-768x382.jpg 768w\" sizes=\"auto, (max-width: 465px) 100vw, 465px\" \/><\/a><\/p>\n<p>Entre los temas abordados, inclu\u00edmos:<\/p>\n<ul>\n<li>T\u00e9cnicas de relajaci\u00f3n y reconocimiento corporal<\/li>\n<li>Ejercicios teatrales<\/li>\n<li>T\u00e9cnicas de improvisaci\u00f3n<\/li>\n<li>An\u00e1lisis de texto<\/li>\n<li>&nbsp;T\u00e9cnicas actorales de Meisner y Stanislavski<\/li>\n<li>T\u00e9cnicas de \u201cSlating\u201d o presentaci\u00f3n previa<\/li>\n<li>Trabajo actoral partiendo de est\u00edmulos externos<\/li>\n<li>La construcci\u00f3n del personaje.<\/li>\n<li>Trabajos con mon\u00f3logos y escenas de autor<\/li>\n<li>Creaci\u00f3n de mon\u00f3logos originales<\/li>\n<li>Creaci\u00f3n y filmaci\u00f3n de situaciones simples con principio, nudo y desenlace<\/li>\n<li>&nbsp;Filmaci\u00f3n de una escena como coprotagonista en diferentes planos guiado por graduados de \u201cFilmmaking\u201d del New York Film Academy<\/li>\n<li>&nbsp;\u201cCritique\u201d actoral<\/li>\n<li>Diferencia entre actuaci\u00f3n para teatro y c\u00e1mara<\/li>\n<\/ul>\n<p><a href=\"http:\/\/pastudio.com\/wp-content\/uploads\/2019\/02\/AFTAF-SAT-Character-Day.jpg\"><img loading=\"lazy\" decoding=\"async\" class=\"alignnone wp-image-7193\" src=\"http:\/\/pastudio.com\/wp-content\/uploads\/2019\/02\/AFTAF-SAT-Character-Day-1024x805.jpg\" alt=\"\" width=\"449\" height=\"353\" srcset=\"https:\/\/pastudio.com\/wp-content\/uploads\/2019\/02\/AFTAF-SAT-Character-Day-1024x805.jpg 1024w, https:\/\/pastudio.com\/wp-content\/uploads\/2019\/02\/AFTAF-SAT-Character-Day-600x472.jpg 600w, https:\/\/pastudio.com\/wp-content\/uploads\/2019\/02\/AFTAF-SAT-Character-Day-300x236.jpg 300w, https:\/\/pastudio.com\/wp-content\/uploads\/2019\/02\/AFTAF-SAT-Character-Day-768x604.jpg 768w, https:\/\/pastudio.com\/wp-content\/uploads\/2019\/02\/AFTAF-SAT-Character-Day.jpg 1954w\" sizes=\"auto, (max-width: 449px) 100vw, 449px\" \/><\/a><a href=\"http:\/\/pastudio.com\/wp-content\/uploads\/2019\/02\/AFTAF-MON-Character-day-1.jpg\"><img loading=\"lazy\" decoding=\"async\" class=\"alignnone wp-image-7192\" src=\"http:\/\/pastudio.com\/wp-content\/uploads\/2019\/02\/AFTAF-MON-Character-day-1-1024x708.jpg\" alt=\"\" width=\"447\" height=\"310\" srcset=\"https:\/\/pastudio.com\/wp-content\/uploads\/2019\/02\/AFTAF-MON-Character-day-1-1024x708.jpg 1024w, https:\/\/pastudio.com\/wp-content\/uploads\/2019\/02\/AFTAF-MON-Character-day-1-600x415.jpg 600w, https:\/\/pastudio.com\/wp-content\/uploads\/2019\/02\/AFTAF-MON-Character-day-1-300x207.jpg 300w, https:\/\/pastudio.com\/wp-content\/uploads\/2019\/02\/AFTAF-MON-Character-day-1-768x531.jpg 768w, https:\/\/pastudio.com\/wp-content\/uploads\/2019\/02\/AFTAF-MON-Character-day-1.jpg 1771w\" sizes=\"auto, (max-width: 447px) 100vw, 447px\" \/><\/a><a href=\"http:\/\/pastudio.com\/wp-content\/uploads\/2019\/02\/AFTAF-ADULTS-Character-Day.jpg\"><img loading=\"lazy\" decoding=\"async\" class=\"alignnone wp-image-7186\" src=\"https:\/\/pastudio.com\/wp-content\/uploads\/2019\/02\/AFTAF-ADULTS-Character-Day-1024x772.jpg\" alt=\"\" width=\"451\" height=\"340\" srcset=\"https:\/\/pastudio.com\/wp-content\/uploads\/2019\/02\/AFTAF-ADULTS-Character-Day-1024x772.jpg 1024w, https:\/\/pastudio.com\/wp-content\/uploads\/2019\/02\/AFTAF-ADULTS-Character-Day-600x452.jpg 600w, https:\/\/pastudio.com\/wp-content\/uploads\/2019\/02\/AFTAF-ADULTS-Character-Day-300x226.jpg 300w, https:\/\/pastudio.com\/wp-content\/uploads\/2019\/02\/AFTAF-ADULTS-Character-Day-768x579.jpg 768w, https:\/\/pastudio.com\/wp-content\/uploads\/2019\/02\/AFTAF-ADULTS-Character-Day.jpg 1944w\" sizes=\"auto, (max-width: 451px) 100vw, 451px\" \/><\/a><\/p>\n<p style=\"text-align: center;\">M\u00e1s informaci\u00f3n:&nbsp; <a href=\"mailto:pastudio@pastudio.com\">pastudio@pastudio.com<\/a><\/p>\n","protected":false},"excerpt":{"rendered":"<p>A pedido&nbsp;de alumnos que viajaban a NYFA para estudiar &#8220;Acting for Film&#8221; y otros alumnos que solo quer\u00edan estudiar teatro, abrimos este curso de 4 meses de duraci\u00f3n para prepararlos y trabajar aspectos esc\u00e9nicos propios del teatro le\u00eddo y el cine. Abrimos un curso a principio del primer&nbsp;a\u00f1o y luego, debido a la aceptaci\u00f3n del<\/p>\n","protected":false},"author":4,"featured_media":0,"parent":0,"menu_order":0,"comment_status":"closed","ping_status":"closed","template":"","meta":{"ngg_post_thumbnail":0,"footnotes":"","_links_to":"","_links_to_target":""},"class_list":["post-2553","page","type-page","status-publish","hentry"],"_links":{"self":[{"href":"https:\/\/pastudio.com\/index.php?rest_route=\/wp\/v2\/pages\/2553","targetHints":{"allow":["GET"]}}],"collection":[{"href":"https:\/\/pastudio.com\/index.php?rest_route=\/wp\/v2\/pages"}],"about":[{"href":"https:\/\/pastudio.com\/index.php?rest_route=\/wp\/v2\/types\/page"}],"author":[{"embeddable":true,"href":"https:\/\/pastudio.com\/index.php?rest_route=\/wp\/v2\/users\/4"}],"replies":[{"embeddable":true,"href":"https:\/\/pastudio.com\/index.php?rest_route=%2Fwp%2Fv2%2Fcomments&post=2553"}],"version-history":[{"count":0,"href":"https:\/\/pastudio.com\/index.php?rest_route=\/wp\/v2\/pages\/2553\/revisions"}],"wp:attachment":[{"href":"https:\/\/pastudio.com\/index.php?rest_route=%2Fwp%2Fv2%2Fmedia&parent=2553"}],"curies":[{"name":"wp","href":"https:\/\/api.w.org\/{rel}","templated":true}]}}