{"id":4078,"date":"2013-11-22T19:20:36","date_gmt":"2013-11-22T22:20:36","guid":{"rendered":"http:\/\/pastudio.com\/?page_id=4078"},"modified":"2025-12-11T15:32:19","modified_gmt":"2025-12-11T18:32:19","slug":"inscripciones-online","status":"publish","type":"page","link":"https:\/\/pastudio.com\/?page_id=4078","title":{"rendered":"Inscripciones ONLINE"},"content":{"rendered":"<h3>Por favor complete sus datos y seleccione el curso en el cual desea inscribirse.<\/h3>\n<div class=\"wpforms-container wpforms-container-full\" id=\"wpforms-9226\"><form id=\"wpforms-form-9226\" class=\"wpforms-validate wpforms-form\" data-formid=\"9226\" method=\"post\" enctype=\"multipart\/form-data\" action=\"\/index.php?rest_route=%2Fwp%2Fv2%2Fpages%2F4078\" data-token=\"d1a586a641a69bab60c44e20412d17d7\" data-token-time=\"1777822600\"><noscript class=\"wpforms-error-noscript\">Please enable JavaScript in your browser to complete this form.<\/noscript><div class=\"wpforms-field-container\"><div id=\"wpforms-9226-field_34-container\" class=\"wpforms-field wpforms-field-name\" data-field-id=\"34\"><label class=\"wpforms-field-label\">Nombre Completo <span class=\"wpforms-required-label\">*<\/span><\/label><div class=\"wpforms-field-row wpforms-field-medium\"><div class=\"wpforms-field-row-block wpforms-first wpforms-two-fifths\"><input type=\"text\" id=\"wpforms-9226-field_34\" class=\"wpforms-field-name-first wpforms-field-required\" name=\"wpforms[fields][34][first]\" required><label for=\"wpforms-9226-field_34\" class=\"wpforms-field-sublabel after\">First<\/label><\/div><div class=\"wpforms-field-row-block wpforms-one-fifth\"><input type=\"text\" id=\"wpforms-9226-field_34-middle\" class=\"wpforms-field-name-middle\" name=\"wpforms[fields][34][middle]\" ><label for=\"wpforms-9226-field_34-middle\" class=\"wpforms-field-sublabel after\">Middle<\/label><\/div><div class=\"wpforms-field-row-block wpforms-two-fifths\"><input type=\"text\" id=\"wpforms-9226-field_34-last\" class=\"wpforms-field-name-last wpforms-field-required\" name=\"wpforms[fields][34][last]\" required><label for=\"wpforms-9226-field_34-last\" class=\"wpforms-field-sublabel after\">Last<\/label><\/div><\/div><\/div><div id=\"wpforms-9226-field_11-container\" class=\"wpforms-field wpforms-field-checkbox\" data-field-id=\"11\"><label class=\"wpforms-field-label\">Tipo de Documento <span class=\"wpforms-required-label\">*<\/span><\/label><ul id=\"wpforms-9226-field_11\" class=\"wpforms-field-required\"><li class=\"choice-1 depth-1\"><input type=\"checkbox\" id=\"wpforms-9226-field_11_1\" name=\"wpforms[fields][11][]\" value=\"DNI\" required ><label class=\"wpforms-field-label-inline\" for=\"wpforms-9226-field_11_1\">DNI<\/label><\/li><li class=\"choice-2 depth-1\"><input type=\"checkbox\" id=\"wpforms-9226-field_11_2\" name=\"wpforms[fields][11][]\" value=\"Pasaporte\" required ><label class=\"wpforms-field-label-inline\" for=\"wpforms-9226-field_11_2\">Pasaporte<\/label><\/li><li class=\"choice-3 depth-1\"><input type=\"checkbox\" id=\"wpforms-9226-field_11_3\" name=\"wpforms[fields][11][]\" value=\"Otro\" required ><label class=\"wpforms-field-label-inline\" for=\"wpforms-9226-field_11_3\">Otro<\/label><\/li><\/ul><\/div><div id=\"wpforms-9226-field_9-container\" class=\"wpforms-field wpforms-field-text\" data-field-id=\"9\"><label class=\"wpforms-field-label\" for=\"wpforms-9226-field_9\">N\u00famero de Documento <span class=\"wpforms-required-label\">*<\/span><\/label><input type=\"text\" id=\"wpforms-9226-field_9\" class=\"wpforms-field-medium wpforms-field-required\" name=\"wpforms[fields][9]\" required><\/div><div id=\"wpforms-9226-field_30-container\" class=\"wpforms-field wpforms-field-text\" data-field-id=\"30\"><label class=\"wpforms-field-label\" for=\"wpforms-9226-field_30\">FECHA DE NACIMIENTO (DDMMAAAA) <span class=\"wpforms-required-label\">*<\/span><\/label><input type=\"text\" id=\"wpforms-9226-field_30\" class=\"wpforms-field-medium wpforms-field-required\" name=\"wpforms[fields][30]\" required><\/div><div id=\"wpforms-9226-field_2-container\" class=\"wpforms-field wpforms-field-email\" data-field-id=\"2\"><label class=\"wpforms-field-label\" for=\"wpforms-9226-field_2\">Email <span class=\"wpforms-required-label\">*<\/span><\/label><input type=\"email\" id=\"wpforms-9226-field_2\" class=\"wpforms-field-medium wpforms-field-required\" name=\"wpforms[fields][2]\" spellcheck=\"false\" required><\/div><div id=\"wpforms-9226-field_3-container\" class=\"wpforms-field wpforms-field-text\" data-field-id=\"3\"><label class=\"wpforms-field-label\" for=\"wpforms-9226-field_3\">TEL\u00c9FONO DE CONTACTO <span class=\"wpforms-required-label\">*<\/span><\/label><input type=\"text\" id=\"wpforms-9226-field_3\" class=\"wpforms-field-medium wpforms-field-required\" name=\"wpforms[fields][3]\" required><\/div><div id=\"wpforms-9226-field_5-container\" class=\"wpforms-field wpforms-field-text\" data-field-id=\"5\"><label class=\"wpforms-field-label\" for=\"wpforms-9226-field_5\">NOMBRE PADRE \/ MADRE si es menor de 18<\/label><input type=\"text\" id=\"wpforms-9226-field_5\" class=\"wpforms-field-medium\" name=\"wpforms[fields][5]\" ><\/div><div id=\"wpforms-9226-field_6-container\" class=\"wpforms-field wpforms-field-email\" data-field-id=\"6\"><label class=\"wpforms-field-label\" for=\"wpforms-9226-field_6\">Email Padre \/ Madre<\/label><input type=\"email\" id=\"wpforms-9226-field_6\" class=\"wpforms-field-medium\" name=\"wpforms[fields][6]\" spellcheck=\"false\" ><\/div><div id=\"wpforms-9226-field_7-container\" class=\"wpforms-field wpforms-field-number\" data-field-id=\"7\"><label class=\"wpforms-field-label\" for=\"wpforms-9226-field_7\">TEL\u00c9FONO PADRE \/MADRE Si es menor de 18 <\/label><input type=\"number\" id=\"wpforms-9226-field_7\" class=\"wpforms-field-medium\" name=\"wpforms[fields][7]\" step=\"any\" ><\/div><div id=\"wpforms-9226-field_12-container\" class=\"wpforms-field wpforms-field-text\" data-field-id=\"12\"><label class=\"wpforms-field-label\" for=\"wpforms-9226-field_12\">Pa\u00eds de residencia actual <span class=\"wpforms-required-label\">*<\/span><\/label><input type=\"text\" id=\"wpforms-9226-field_12\" class=\"wpforms-field-medium wpforms-field-required\" name=\"wpforms[fields][12]\" required><\/div><div id=\"wpforms-9226-field_35-container\" class=\"wpforms-field wpforms-field-text\" data-field-id=\"35\"><label class=\"wpforms-field-label\" for=\"wpforms-9226-field_35\">El alumno tiene o tuvo alguna condici\u00f3n m\u00e9dica de importancia? (ejemplo: Diabetes, Epilepsia, Alergias, Ataque de p\u00e1nico, hipertensi\u00f3n u otra dolencia a saber). Por favor contestar SI \/ No y aclarar detalles de ser necesario. <\/label><input type=\"text\" id=\"wpforms-9226-field_35\" class=\"wpforms-field-medium\" name=\"wpforms[fields][35]\" ><\/div><div id=\"wpforms-9226-field_19-container\" class=\"wpforms-field wpforms-field-radio\" data-field-id=\"19\"><label class=\"wpforms-field-label\">Teatro Musical en ingl\u00e9s con Audici\u00f3n. Marzo a Junio o Agosto a Noviembre<\/label><ul id=\"wpforms-9226-field_19\"><li class=\"choice-1 depth-1\"><input type=\"radio\" id=\"wpforms-9226-field_19_1\" name=\"wpforms[fields][19]\" value=\"SHOWBIZ: a partir de los 16 a\u00f1os. V.L\u00f3pez. Martes de 20.00 a 22.00 hs - Proximas audiciones en Marzo - (a confirmar)\"  ><label class=\"wpforms-field-label-inline\" for=\"wpforms-9226-field_19_1\">SHOWBIZ: a partir de los 16 a\u00f1os. V.L\u00f3pez. Martes de 20.00 a 22.00 hs - Proximas audiciones en Marzo - (a confirmar)<\/label><\/li><li class=\"choice-2 depth-1\"><input type=\"radio\" id=\"wpforms-9226-field_19_2\" name=\"wpforms[fields][19]\" value=\"CASTEEN: de 11 a 17 a\u00f1os. V.L\u00f3pez. S\u00e1bados de 13.30 a 15.30 - Proximas audiciones en Marzo - (a confirmar)\"  ><label class=\"wpforms-field-label-inline\" for=\"wpforms-9226-field_19_2\">CASTEEN: de 11 a 17 a\u00f1os. V.L\u00f3pez. S\u00e1bados de 13.30 a 15.30 - Proximas audiciones en Marzo - (a confirmar)<\/label><\/li><\/ul><\/div><div id=\"wpforms-9226-field_21-container\" class=\"wpforms-field wpforms-field-radio\" data-field-id=\"21\"><label class=\"wpforms-field-label\">Acting For Theatre and Film - En ingl\u00e9s - Comienzan en Marzo y Agosto (4 meses) V.L\u00f3pez<\/label><ul id=\"wpforms-9226-field_21\"><li class=\"choice-1 depth-1\"><input type=\"radio\" id=\"wpforms-9226-field_21_1\" name=\"wpforms[fields][21]\" value=\"Adolescentes (12 a 17 a\u00f1os) - S\u00e1bados de 11.30 a 13.00\"  ><label class=\"wpforms-field-label-inline\" for=\"wpforms-9226-field_21_1\">Adolescentes (12 a 17 a\u00f1os) - S\u00e1bados de 11.30 a 13.00<\/label><\/li><li class=\"choice-5 depth-1\"><input type=\"radio\" id=\"wpforms-9226-field_21_5\" name=\"wpforms[fields][21]\" value=\"Adultos - Mi\u00e9rcoles de 20 a 21:30 hs\"  ><label class=\"wpforms-field-label-inline\" for=\"wpforms-9226-field_21_5\">Adultos - Mi\u00e9rcoles de 20 a 21:30 hs<\/label><\/li><\/ul><\/div><div id=\"wpforms-9226-field_15-container\" class=\"wpforms-field wpforms-field-radio\" data-field-id=\"15\"><label class=\"wpforms-field-label\">Theatrical Playgroup para ni\u00f1os de 5 a 7 a\u00f1os. Marzo a Noviembre<\/label><ul id=\"wpforms-9226-field_15\"><li class=\"choice-1 depth-1\"><input type=\"radio\" id=\"wpforms-9226-field_15_1\" name=\"wpforms[fields][15]\" value=\"Martes 17 a 18 Vicente L\u00f3pez\"  ><label class=\"wpforms-field-label-inline\" for=\"wpforms-9226-field_15_1\">Martes 17 a 18 Vicente L\u00f3pez<\/label><\/li><li class=\"choice-3 depth-1\"><input type=\"radio\" id=\"wpforms-9226-field_15_3\" name=\"wpforms[fields][15]\" value=\"Mi\u00e9rcoles 17 a 18 hs Vicente L\u00f3pez\"  ><label class=\"wpforms-field-label-inline\" for=\"wpforms-9226-field_15_3\">Mi\u00e9rcoles 17 a 18 hs Vicente L\u00f3pez<\/label><\/li><li class=\"choice-2 depth-1\"><input type=\"radio\" id=\"wpforms-9226-field_15_2\" name=\"wpforms[fields][15]\" value=\"S\u00e1bados de 10.00 a 11.00 Vicente L\u00f3pez\"  ><label class=\"wpforms-field-label-inline\" for=\"wpforms-9226-field_15_2\">S\u00e1bados de 10.00 a 11.00 Vicente L\u00f3pez<\/label><\/li><\/ul><\/div><div id=\"wpforms-9226-field_16-container\" class=\"wpforms-field wpforms-field-radio\" data-field-id=\"16\"><label class=\"wpforms-field-label\">Teatro Musical en ingl\u00e9s 8 a 11 a\u00f1os. Marzo a Noviembre<\/label><ul id=\"wpforms-9226-field_16\"><li class=\"choice-1 depth-1\"><input type=\"radio\" id=\"wpforms-9226-field_16_1\" name=\"wpforms[fields][16]\" value=\"Lunes de 17.00 a 18.45 V.L\u00f3pez\"  ><label class=\"wpforms-field-label-inline\" for=\"wpforms-9226-field_16_1\">Lunes de 17.00 a 18.45 V.L\u00f3pez<\/label><\/li><li class=\"choice-2 depth-1\"><input type=\"radio\" id=\"wpforms-9226-field_16_2\" name=\"wpforms[fields][16]\" value=\"Martes 18.00 a 19.45 V.L\u00f3pez\"  ><label class=\"wpforms-field-label-inline\" for=\"wpforms-9226-field_16_2\">Martes 18.00 a 19.45 V.L\u00f3pez<\/label><\/li><li class=\"choice-3 depth-1\"><input type=\"radio\" id=\"wpforms-9226-field_16_3\" name=\"wpforms[fields][16]\" value=\"Mi\u00e9rcoles de 17.30 a 19.30 San Isidro\"  ><label class=\"wpforms-field-label-inline\" for=\"wpforms-9226-field_16_3\">Mi\u00e9rcoles de 17.30 a 19.30 San Isidro<\/label><\/li><li class=\"choice-4 depth-1\"><input type=\"radio\" id=\"wpforms-9226-field_16_4\" name=\"wpforms[fields][16]\" value=\"Jueves de 17.00 a 18.45 V.L\u00f3pez\"  ><label class=\"wpforms-field-label-inline\" for=\"wpforms-9226-field_16_4\">Jueves de 17.00 a 18.45 V.L\u00f3pez<\/label><\/li><\/ul><\/div><div id=\"wpforms-9226-field_17-container\" class=\"wpforms-field wpforms-field-radio\" data-field-id=\"17\"><label class=\"wpforms-field-label\">Teatro Musical en ingl\u00e9s 12 a 17 a\u00f1os. Marzo a Noviembre<\/label><ul id=\"wpforms-9226-field_17\"><li class=\"choice-1 depth-1\"><input type=\"radio\" id=\"wpforms-9226-field_17_1\" name=\"wpforms[fields][17]\" value=\"Lunes 19 a 21 hs V.Lopez\"  ><label class=\"wpforms-field-label-inline\" for=\"wpforms-9226-field_17_1\">Lunes 19 a 21 hs V.Lopez<\/label><\/li><li class=\"choice-5 depth-1\"><input type=\"radio\" id=\"wpforms-9226-field_17_5\" name=\"wpforms[fields][17]\" value=\"Martes de 17.30 a 19.30 San Isidro\"  ><label class=\"wpforms-field-label-inline\" for=\"wpforms-9226-field_17_5\">Martes de 17.30 a 19.30 San Isidro<\/label><\/li><li class=\"choice-2 depth-1\"><input type=\"radio\" id=\"wpforms-9226-field_17_2\" name=\"wpforms[fields][17]\" value=\"Mi\u00e9rcoles de 18 a 20 V.L\u00f3pez\"  ><label class=\"wpforms-field-label-inline\" for=\"wpforms-9226-field_17_2\">Mi\u00e9rcoles de 18 a 20 V.L\u00f3pez<\/label><\/li><li class=\"choice-3 depth-1\"><input type=\"radio\" id=\"wpforms-9226-field_17_3\" name=\"wpforms[fields][17]\" value=\"Jueves de 19.00 a 21.00 V.L\u00f3pez (sin vacantes)\"  ><label class=\"wpforms-field-label-inline\" for=\"wpforms-9226-field_17_3\">Jueves de 19.00 a 21.00 V.L\u00f3pez (sin vacantes)<\/label><\/li><li class=\"choice-4 depth-1\"><input type=\"radio\" id=\"wpforms-9226-field_17_4\" name=\"wpforms[fields][17]\" value=\"Viernes de 17 a 19 V.L\u00f3pez\"  ><label class=\"wpforms-field-label-inline\" for=\"wpforms-9226-field_17_4\">Viernes de 17 a 19 V.L\u00f3pez<\/label><\/li><\/ul><\/div><div id=\"wpforms-9226-field_18-container\" class=\"wpforms-field wpforms-field-radio\" data-field-id=\"18\"><label class=\"wpforms-field-label\">Teatro Musical en ingl\u00e9s Adultos. Marzo a Noviembre<\/label><ul id=\"wpforms-9226-field_18\"><li class=\"choice-1 depth-1\"><input type=\"radio\" id=\"wpforms-9226-field_18_1\" name=\"wpforms[fields][18]\" value=\"S\u00e1bados de 16.00 a 18.00 V.L\u00f3pez\"  ><label class=\"wpforms-field-label-inline\" for=\"wpforms-9226-field_18_1\">S\u00e1bados de 16.00 a 18.00 V.L\u00f3pez<\/label><\/li><\/ul><\/div><div id=\"wpforms-9226-field_23-container\" class=\"wpforms-field wpforms-field-radio\" data-field-id=\"23\"><label class=\"wpforms-field-label\">MICROFILM. (armado y filmaci\u00f3n de un cortometraje)<\/label><ul id=\"wpforms-9226-field_23\"><li class=\"choice-1 depth-1\"><input type=\"radio\" id=\"wpforms-9226-field_23_1\" name=\"wpforms[fields][23]\" value=\"Lunes 18 a 19:30 hs-  Adolescentes. Castellano. V.L\u00f3pez\"  ><label class=\"wpforms-field-label-inline\" for=\"wpforms-9226-field_23_1\">Lunes 18 a 19:30 hs-  Adolescentes. Castellano. V.L\u00f3pez<\/label><\/li><\/ul><\/div><div id=\"wpforms-9226-field_24-container\" class=\"wpforms-field wpforms-field-radio\" data-field-id=\"24\"><label class=\"wpforms-field-label\">OTROS CURSOS<\/label><ul id=\"wpforms-9226-field_24\"><li class=\"choice-9 depth-1\"><input type=\"radio\" id=\"wpforms-9226-field_24_9\" name=\"wpforms[fields][24]\" value=\"Coaching individual con Cris Hansen. Online o presencial (presencial solo en Arg).\"  ><label class=\"wpforms-field-label-inline\" for=\"wpforms-9226-field_24_9\">Coaching individual con Cris Hansen. Online o presencial (presencial solo en Arg).<\/label><\/li><li class=\"choice-2 depth-1\"><input type=\"radio\" id=\"wpforms-9226-field_24_2\" name=\"wpforms[fields][24]\" value=\"Smarttalk para empresas (Oratoria)\"  ><label class=\"wpforms-field-label-inline\" for=\"wpforms-9226-field_24_2\">Smarttalk para empresas (Oratoria)<\/label><\/li><li class=\"choice-3 depth-1\"><input type=\"radio\" id=\"wpforms-9226-field_24_3\" name=\"wpforms[fields][24]\" value=\"PASTUDIO USA TOUR a NYFA NYC para Teatro Musical\"  ><label class=\"wpforms-field-label-inline\" for=\"wpforms-9226-field_24_3\">PASTUDIO USA TOUR a NYFA NYC para Teatro Musical<\/label><\/li><li class=\"choice-4 depth-1\"><input type=\"radio\" id=\"wpforms-9226-field_24_4\" name=\"wpforms[fields][24]\" value=\"PASTUDIO USA TOUR a NYFA South Beach para Acting For Film\"  ><label class=\"wpforms-field-label-inline\" for=\"wpforms-9226-field_24_4\">PASTUDIO USA TOUR a NYFA South Beach para Acting For Film<\/label><\/li><li class=\"choice-5 depth-1\"><input type=\"radio\" id=\"wpforms-9226-field_24_5\" name=\"wpforms[fields][24]\" value=\"Cursos en New York Film Academy\"  ><label class=\"wpforms-field-label-inline\" for=\"wpforms-9226-field_24_5\">Cursos en New York Film Academy<\/label><\/li><li class=\"choice-6 depth-1\"><input type=\"radio\" id=\"wpforms-9226-field_24_6\" name=\"wpforms[fields][24]\" value=\"Cursos en AMDA\"  ><label class=\"wpforms-field-label-inline\" for=\"wpforms-9226-field_24_6\">Cursos en AMDA<\/label><\/li><li class=\"choice-7 depth-1\"><input type=\"radio\" id=\"wpforms-9226-field_24_7\" name=\"wpforms[fields][24]\" value=\"Workshops a medida para estudios, colegios, universidades o institutos\"  ><label class=\"wpforms-field-label-inline\" for=\"wpforms-9226-field_24_7\">Workshops a medida para estudios, colegios, universidades o institutos<\/label><\/li><li class=\"choice-8 depth-1\"><input type=\"radio\" id=\"wpforms-9226-field_24_8\" name=\"wpforms[fields][24]\" value=\"Pop Camp Full Immersion Schools (solo en Arg)\"  ><label class=\"wpforms-field-label-inline\" for=\"wpforms-9226-field_24_8\">Pop Camp Full Immersion Schools (solo en Arg)<\/label><\/li><\/ul><\/div><div id=\"wpforms-9226-field_13-container\" class=\"wpforms-field wpforms-field-checkbox\" data-field-id=\"13\"><label class=\"wpforms-field-label\">Como nos conociste? <span class=\"wpforms-required-label\">*<\/span><\/label><ul id=\"wpforms-9226-field_13\" class=\"wpforms-field-required\"><li class=\"choice-1 depth-1\"><input type=\"checkbox\" id=\"wpforms-9226-field_13_1\" name=\"wpforms[fields][13][]\" value=\"Soy alumno PASTUDIO\" required ><label class=\"wpforms-field-label-inline\" for=\"wpforms-9226-field_13_1\">Soy alumno PASTUDIO<\/label><\/li><li class=\"choice-2 depth-1\"><input type=\"checkbox\" id=\"wpforms-9226-field_13_2\" name=\"wpforms[fields][13][]\" value=\"Recomendaci\u00f3n alumno PASTUDIO\" required ><label class=\"wpforms-field-label-inline\" for=\"wpforms-9226-field_13_2\">Recomendaci\u00f3n alumno PASTUDIO<\/label><\/li><li class=\"choice-3 depth-1\"><input type=\"checkbox\" id=\"wpforms-9226-field_13_3\" name=\"wpforms[fields][13][]\" value=\"Recomendaci\u00f3n de un amigo\" required ><label class=\"wpforms-field-label-inline\" for=\"wpforms-9226-field_13_3\">Recomendaci\u00f3n de un amigo<\/label><\/li><li class=\"choice-6 depth-1\"><input type=\"checkbox\" id=\"wpforms-9226-field_13_6\" name=\"wpforms[fields][13][]\" value=\"Recomendaci\u00f3n de profesor\/ maestro\/ escuela\" required ><label class=\"wpforms-field-label-inline\" for=\"wpforms-9226-field_13_6\">Recomendaci\u00f3n de profesor\/ maestro\/ escuela<\/label><\/li><li class=\"choice-8 depth-1\"><input type=\"checkbox\" id=\"wpforms-9226-field_13_8\" name=\"wpforms[fields][13][]\" value=\"Buscadores de Internet (Google \/ Yahoo\/ Bing etc)\" required ><label class=\"wpforms-field-label-inline\" for=\"wpforms-9226-field_13_8\">Buscadores de Internet (Google \/ Yahoo\/ Bing etc)<\/label><\/li><li class=\"choice-4 depth-1\"><input type=\"checkbox\" id=\"wpforms-9226-field_13_4\" name=\"wpforms[fields][13][]\" value=\"Website PASTUDIO\" required ><label class=\"wpforms-field-label-inline\" for=\"wpforms-9226-field_13_4\">Website PASTUDIO<\/label><\/li><li class=\"choice-7 depth-1\"><input type=\"checkbox\" id=\"wpforms-9226-field_13_7\" name=\"wpforms[fields][13][]\" value=\"Instagram PASTUDIO @pastudioarg\" required ><label class=\"wpforms-field-label-inline\" for=\"wpforms-9226-field_13_7\">Instagram PASTUDIO @pastudioarg<\/label><\/li><li class=\"choice-9 depth-1\"><input type=\"checkbox\" id=\"wpforms-9226-field_13_9\" name=\"wpforms[fields][13][]\" value=\"Recomendaci\u00f3n NYFA\" required ><label class=\"wpforms-field-label-inline\" for=\"wpforms-9226-field_13_9\">Recomendaci\u00f3n NYFA<\/label><\/li><li class=\"choice-13 depth-1\"><input type=\"checkbox\" id=\"wpforms-9226-field_13_13\" name=\"wpforms[fields][13][]\" value=\"Recomendaci\u00f3n AMDA\" required ><label class=\"wpforms-field-label-inline\" for=\"wpforms-9226-field_13_13\">Recomendaci\u00f3n AMDA<\/label><\/li><li class=\"choice-12 depth-1\"><input type=\"checkbox\" id=\"wpforms-9226-field_13_12\" name=\"wpforms[fields][13][]\" value=\"Recomendaci\u00f3n ICANA\" required ><label class=\"wpforms-field-label-inline\" for=\"wpforms-9226-field_13_12\">Recomendaci\u00f3n ICANA<\/label><\/li><li class=\"choice-10 depth-1\"><input type=\"checkbox\" id=\"wpforms-9226-field_13_10\" name=\"wpforms[fields][13][]\" value=\"Recomendaci\u00f3n Anglo English Paraguay\" required ><label class=\"wpforms-field-label-inline\" for=\"wpforms-9226-field_13_10\">Recomendaci\u00f3n Anglo English Paraguay<\/label><\/li><li class=\"choice-5 depth-1\"><input type=\"checkbox\" id=\"wpforms-9226-field_13_5\" name=\"wpforms[fields][13][]\" value=\"Publicidad en programas de teatro\" required ><label class=\"wpforms-field-label-inline\" for=\"wpforms-9226-field_13_5\">Publicidad en programas de teatro<\/label><\/li><li class=\"choice-11 depth-1\"><input type=\"checkbox\" id=\"wpforms-9226-field_13_11\" name=\"wpforms[fields][13][]\" value=\"Otro\" required ><label class=\"wpforms-field-label-inline\" for=\"wpforms-9226-field_13_11\">Otro<\/label><\/li><\/ul><\/div><div id=\"wpforms-9226-field_27-container\" class=\"wpforms-field wpforms-field-text\" data-field-id=\"27\"><label class=\"wpforms-field-label\" for=\"wpforms-9226-field_27\">Alg\u00fan comentario adicional?<\/label><input type=\"text\" id=\"wpforms-9226-field_27\" class=\"wpforms-field-medium\" name=\"wpforms[fields][27]\" ><\/div><div id=\"wpforms-9226-field_25-container\" class=\"wpforms-field wpforms-field-checkbox\" data-field-id=\"25\"><label class=\"wpforms-field-label\">ADMINISTRACI\u00d3N: Los pagos deben realizarse del 1 al 10 de cada mes por adelantado. En los cursos anuales, las clases contin\u00faan durante vacaciones de invierno y hasta el mes de noviembre inclusive. Si la cuota se abona despu\u00e9s del d\u00eda 10 sufrir\u00e1 un recargo. Deben abonarse todos los meses aunque el alumno se ausente. Todo alumno debe pagar una matr\u00edcula inicial como as\u00ed tambi\u00e9n una cuota adicional que cubre el valor de tres entradas y el video del show (en el caso de Teatro Musical) o la filmaci\u00f3n y edici\u00f3n de la escena (en el caso de Acting For Theatre and Film). Los disfraces de las presentaciones estar\u00e1n a cargo de los alumnos. <span class=\"wpforms-required-label\">*<\/span><\/label><ul id=\"wpforms-9226-field_25\" class=\"wpforms-field-required\"><li class=\"choice-1 depth-1\"><input type=\"checkbox\" id=\"wpforms-9226-field_25_1\" name=\"wpforms[fields][25][]\" value=\"Entiendo los t\u00e9rminos y condiciones.\" required ><label class=\"wpforms-field-label-inline\" for=\"wpforms-9226-field_25_1\">Entiendo los t\u00e9rminos y condiciones.<\/label><\/li><\/ul><\/div><\/div><!-- .wpforms-field-container --><div class=\"wpforms-field wpforms-field-hp\"><label for=\"wpforms-9226-field-hp\" class=\"wpforms-field-label\">Email<\/label><input type=\"text\" name=\"wpforms[hp]\" id=\"wpforms-9226-field-hp\" class=\"wpforms-field-medium\"><\/div><div class=\"wpforms-submit-container\" ><input type=\"hidden\" name=\"wpforms[id]\" value=\"9226\"><input type=\"hidden\" name=\"page_title\" value=\"\"><input type=\"hidden\" name=\"page_url\" value=\"https:\/\/pastudio.com\/index.php?rest_route=\/wp\/v2\/pages\/4078\"><input type=\"hidden\" name=\"url_referer\" value=\"\"><button type=\"submit\" name=\"wpforms[submit]\" id=\"wpforms-submit-9226\" class=\"wpforms-submit\" data-alt-text=\"Sending...\" data-submit-text=\"Submit\" aria-live=\"assertive\" value=\"wpforms-submit\">Submit<\/button><\/div><\/form><\/div>  <!-- .wpforms-container -->\n<h2><span style=\"font-size: 18px;\">112-093-1833<\/span><\/h2>\n<p><span style=\"font-size: 18px;\">5411-2203-6398 (nuevo n\u00famero Vicente L\u00f3pez)<\/span><\/p>\n<p style=\"text-align: left;\"><span style=\"font-size: 18px;\">Todos los derechos reservados<\/span><\/p>\n","protected":false},"excerpt":{"rendered":"<p>Por favor complete sus datos y seleccione el curso en el cual desea inscribirse. 112-093-1833 5411-2203-6398 (nuevo n\u00famero Vicente L\u00f3pez) Todos los derechos reservados<\/p>\n","protected":false},"author":4,"featured_media":0,"parent":0,"menu_order":0,"comment_status":"closed","ping_status":"closed","template":"onecolumn-page.php","meta":{"ngg_post_thumbnail":0,"footnotes":"","_links_to":"","_links_to_target":""},"class_list":["post-4078","page","type-page","status-publish","hentry"],"_links":{"self":[{"href":"https:\/\/pastudio.com\/index.php?rest_route=\/wp\/v2\/pages\/4078","targetHints":{"allow":["GET"]}}],"collection":[{"href":"https:\/\/pastudio.com\/index.php?rest_route=\/wp\/v2\/pages"}],"about":[{"href":"https:\/\/pastudio.com\/index.php?rest_route=\/wp\/v2\/types\/page"}],"author":[{"embeddable":true,"href":"https:\/\/pastudio.com\/index.php?rest_route=\/wp\/v2\/users\/4"}],"replies":[{"embeddable":true,"href":"https:\/\/pastudio.com\/index.php?rest_route=%2Fwp%2Fv2%2Fcomments&post=4078"}],"version-history":[{"count":0,"href":"https:\/\/pastudio.com\/index.php?rest_route=\/wp\/v2\/pages\/4078\/revisions"}],"wp:attachment":[{"href":"https:\/\/pastudio.com\/index.php?rest_route=%2Fwp%2Fv2%2Fmedia&parent=4078"}],"curies":[{"name":"wp","href":"https:\/\/api.w.org\/{rel}","templated":true}]}}