{"id":6465,"date":"2017-09-04T15:20:03","date_gmt":"2017-09-04T18:20:03","guid":{"rendered":"http:\/\/pastudio.com\/?page_id=6465"},"modified":"2021-11-18T16:15:23","modified_gmt":"2021-11-18T19:15:23","slug":"authorised-representative-amda","status":"publish","type":"page","link":"https:\/\/pastudio.com\/?page_id=6465","title":{"rendered":"AUTHORISED REPRESENTATIVE AMDA"},"content":{"rendered":"<p>Estimados hermanos Latinos,<\/p>\n<p>Soy representante autorizado del&nbsp;<a href=\"https:\/\/www.amda.edu\">The American Musical and Dramatic Academy<\/a> (AMDA)<\/p>\n<p><a href=\"http:\/\/pastudio.com\/wp-content\/uploads\/2017\/09\/20160518_LA_BFA-Urinetown-Musical_Colin-YW0078-1.jpg\"><img loading=\"lazy\" decoding=\"async\" class=\"alignnone size-large wp-image-6466\" src=\"http:\/\/pastudio.com\/wp-content\/uploads\/2017\/09\/20160518_LA_BFA-Urinetown-Musical_Colin-YW0078-1-1024x683.jpg\" alt=\"\" width=\"640\" height=\"427\" srcset=\"https:\/\/pastudio.com\/wp-content\/uploads\/2017\/09\/20160518_LA_BFA-Urinetown-Musical_Colin-YW0078-1-1024x683.jpg 1024w, https:\/\/pastudio.com\/wp-content\/uploads\/2017\/09\/20160518_LA_BFA-Urinetown-Musical_Colin-YW0078-1-600x400.jpg 600w, https:\/\/pastudio.com\/wp-content\/uploads\/2017\/09\/20160518_LA_BFA-Urinetown-Musical_Colin-YW0078-1-300x200.jpg 300w, https:\/\/pastudio.com\/wp-content\/uploads\/2017\/09\/20160518_LA_BFA-Urinetown-Musical_Colin-YW0078-1-768x512.jpg 768w\" sizes=\"auto, (max-width: 640px) 100vw, 640px\" \/><\/a><\/p>\n<p>Para conocer mi trayectoria personal y profesional, por favor sigan este link.&nbsp;<a title=\"History\" href=\"https:\/\/pastudio.com\/?page_id=57\">HISTORY<\/a><\/p>\n<p>Otorgamiento de becas y audiciones para entrar en The American Musical and Dramatic Academy in New York and AMDA College and Conservatory of the Performing Arts in Los Angeles.<\/p>\n<p>Para ser los mejores, necesitan entrenar con los mejores. AMDA es reconocido como la instituci\u00f3n l\u00edder de EEUU en Artes Esc\u00e9nicas con carreras de 2 o 4 a\u00f1os en Musical Theatre\/ Perfroming Arts\/ Acting\/ Dance y workshops para adolescentes.<\/p>\n<p>Tambi\u00e9n es la \u00fanica Universidad que ofrece la posibilidad de estudiar Comedia Musical tanto en NYC como en Los \u00c1ngeles.<\/p>\n<p>Adem\u00e1s ofrece 7 ramas principales de estudio y una variedad de programas acad\u00e9micos que permiten una flexibilidad extraordinaria para que cada alumno de pueda especializar seg\u00fan sus inclinaciones art\u00edsticas.<\/p>\n<p>Comienza tu carrera en AMDA hoy mismo!<\/p>\n<p>Contacto: Cris Hansen (Representante oficial AMDA) para detalles y turno de audici\u00f3n: pastudioarg@gmail.com<\/p>\n<p><strong>Recuerden que nuestra ayuda es totalmente gratuita!<\/strong><\/p>\n","protected":false},"excerpt":{"rendered":"<p>Estimados hermanos Latinos, Soy representante autorizado del&nbsp;The American Musical and Dramatic Academy (AMDA) Para conocer mi trayectoria personal y profesional, por favor sigan este link.&nbsp;HISTORY Otorgamiento de becas y audiciones para entrar en The American Musical and Dramatic Academy in New York and AMDA College and Conservatory of the Performing Arts in Los Angeles. Para<\/p>\n","protected":false},"author":4,"featured_media":0,"parent":0,"menu_order":0,"comment_status":"closed","ping_status":"closed","template":"onecolumn-page.php","meta":{"ngg_post_thumbnail":0,"footnotes":"","_links_to":"","_links_to_target":""},"class_list":["post-6465","page","type-page","status-publish","hentry"],"_links":{"self":[{"href":"https:\/\/pastudio.com\/index.php?rest_route=\/wp\/v2\/pages\/6465","targetHints":{"allow":["GET"]}}],"collection":[{"href":"https:\/\/pastudio.com\/index.php?rest_route=\/wp\/v2\/pages"}],"about":[{"href":"https:\/\/pastudio.com\/index.php?rest_route=\/wp\/v2\/types\/page"}],"author":[{"embeddable":true,"href":"https:\/\/pastudio.com\/index.php?rest_route=\/wp\/v2\/users\/4"}],"replies":[{"embeddable":true,"href":"https:\/\/pastudio.com\/index.php?rest_route=%2Fwp%2Fv2%2Fcomments&post=6465"}],"version-history":[{"count":0,"href":"https:\/\/pastudio.com\/index.php?rest_route=\/wp\/v2\/pages\/6465\/revisions"}],"wp:attachment":[{"href":"https:\/\/pastudio.com\/index.php?rest_route=%2Fwp%2Fv2%2Fmedia&parent=6465"}],"curies":[{"name":"wp","href":"https:\/\/api.w.org\/{rel}","templated":true}]}}