{"id":7107,"date":"2019-02-01T15:08:42","date_gmt":"2019-02-01T18:08:42","guid":{"rendered":"http:\/\/pastudio.com\/?page_id=7107"},"modified":"2021-11-30T15:46:19","modified_gmt":"2021-11-30T18:46:19","slug":"microfilm","status":"publish","type":"page","link":"https:\/\/pastudio.com\/?page_id=7107","title":{"rendered":"MICROFILM"},"content":{"rendered":"\r\n<figure class=\"wp-block-image is-resized\"><img loading=\"lazy\" decoding=\"async\" class=\"wp-image-7109\" src=\"https:\/\/pastudio.com\/wp-content\/uploads\/2019\/02\/MICROFILM.png\" alt=\"\" width=\"322\" height=\"241\" srcset=\"https:\/\/pastudio.com\/wp-content\/uploads\/2019\/02\/MICROFILM.png 512w, https:\/\/pastudio.com\/wp-content\/uploads\/2019\/02\/MICROFILM-300x224.png 300w\" sizes=\"auto, (max-width: 322px) 100vw, 322px\" \/><\/figure>\r\n\r\n\r\n\r\n<p>Duraci\u00f3n: 9 meses (Marzo a Noviembre)<\/p>\r\n\r\n\r\n\r\n<p>Carga horaria: Hora y media semanal + 4 jornadas de rodaje EXTRAS en Agosto. <\/p>\r\n\r\n\r\n\r\n<p>El primer paso para convertirte en un actor o actriz de cine\u2026 \u00a1es hacer cine! Sumergite en el mundo audiovisual siendo el protagonista de un cortometraje original. Cont\u00e1 una microhistoria para la macropantalla y particip\u00e1 de todo el proceso, desde la preproducci\u00f3n hasta la postproducci\u00f3n del film. Aprend\u00e9 todo sobre el detr\u00e1s de escena de la realizaci\u00f3n de una pel\u00edcula protagonizada por vos y qu\u00e9date con un film original de calidad para compartir con el mundo. Vos pod\u00e9s ser la pr\u00f3xima estrella.<\/p>\r\n\r\n\r\n\r\n<p><strong>Modalidad de las clases: te\u00f3ricas\/pr\u00e1cticas<\/strong><\/p>\r\n\r\n\r\n\r\n<p>Todas las clases se trabajan conceptos te\u00f3ricos del cine y se ponen en pr\u00e1ctica. &nbsp;<\/p>\r\n\r\n\r\n\r\n<p><strong>Objetivos:<\/strong><\/p>\r\n\r\n\r\n\r\n<ul class=\"wp-block-list\">\r\n<li>Participar de todo el proceso creativo de la producci\u00f3n de un cortometraje<\/li>\r\n<li>Comprender los principios fundamentales de actuaci\u00f3n frente a c\u00e1mara<\/li>\r\n<li>Aprender los conceptos b\u00e1sicos de un gui\u00f3n cinematogr\u00e1fico y aplicarlos en la creaci\u00f3n de cada personaje<\/li>\r\n<li>Experimentar etapas de casting (desde env\u00edo de material hasta callbacks)<\/li>\r\n<li>Ensayar y filmar escenas del cortometraje previo a los rodajes para analizar y criticar en clase<\/li>\r\n<li>Concurrir a 4 jornadas de rodaje intensivas, acompa\u00f1ados de profesionales<\/li>\r\n<li>Aprender los conceptos b\u00e1sicos del montaje y aplicarlos buscando continuidad de las acciones de cada personaje<\/li>\r\n<li>Entrenarse en doblaje y doblar la totalidad del cortometraje<\/li>\r\n<li>Retomar conceptos de gui\u00f3n y montaje para resignificar el relato<\/li>\r\n<li>Aprender los conceptos b\u00e1sicos de la difusi\u00f3n y comercializaci\u00f3n de un cortometraje, generando material que promocione la proyecci\u00f3n<\/li>\r\n<li>Proyectar el cortometraje y responder preguntas de un p\u00fablico (conferencia de prensa)<\/li>\r\n<\/ul>\r\n\r\n\r\n\r\n<p>&nbsp;<\/p>\r\n","protected":false},"excerpt":{"rendered":"<p>Duraci\u00f3n: 9 meses (Marzo a Noviembre) Carga horaria: Hora y media semanal + 4 jornadas de rodaje EXTRAS en Agosto. El primer paso para convertirte en un actor o actriz de cine\u2026 \u00a1es hacer cine! Sumergite en el mundo audiovisual siendo el protagonista de un cortometraje original. Cont\u00e1 una microhistoria para la macropantalla y particip\u00e1<\/p>\n","protected":false},"author":4,"featured_media":0,"parent":0,"menu_order":0,"comment_status":"closed","ping_status":"closed","template":"","meta":{"ngg_post_thumbnail":0,"footnotes":"","_links_to":"","_links_to_target":""},"class_list":["post-7107","page","type-page","status-publish","hentry"],"_links":{"self":[{"href":"https:\/\/pastudio.com\/index.php?rest_route=\/wp\/v2\/pages\/7107","targetHints":{"allow":["GET"]}}],"collection":[{"href":"https:\/\/pastudio.com\/index.php?rest_route=\/wp\/v2\/pages"}],"about":[{"href":"https:\/\/pastudio.com\/index.php?rest_route=\/wp\/v2\/types\/page"}],"author":[{"embeddable":true,"href":"https:\/\/pastudio.com\/index.php?rest_route=\/wp\/v2\/users\/4"}],"replies":[{"embeddable":true,"href":"https:\/\/pastudio.com\/index.php?rest_route=%2Fwp%2Fv2%2Fcomments&post=7107"}],"version-history":[{"count":0,"href":"https:\/\/pastudio.com\/index.php?rest_route=\/wp\/v2\/pages\/7107\/revisions"}],"wp:attachment":[{"href":"https:\/\/pastudio.com\/index.php?rest_route=%2Fwp%2Fv2%2Fmedia&parent=7107"}],"curies":[{"name":"wp","href":"https:\/\/api.w.org\/{rel}","templated":true}]}}