{"id":7458,"date":"2019-02-03T16:17:35","date_gmt":"2019-02-03T19:17:35","guid":{"rendered":"http:\/\/pastudio.com\/?page_id=7458"},"modified":"2022-09-26T16:29:25","modified_gmt":"2022-09-26T19:29:25","slug":"theatrical-playgroup","status":"publish","type":"page","link":"https:\/\/pastudio.com\/?page_id=7458","title":{"rendered":"Theatrical Playgroup"},"content":{"rendered":"\r\n<h3 class=\"wp-block-image is-resized\"><img loading=\"lazy\" decoding=\"async\" class=\"wp-image-7322\" src=\"http:\/\/pastudio.com\/wp-content\/uploads\/2019\/02\/TROLLS-2018-1-1024x598.jpg\" alt=\"\" width=\"385\" height=\"224\" srcset=\"https:\/\/pastudio.com\/wp-content\/uploads\/2019\/02\/TROLLS-2018-1-1024x598.jpg 1024w, https:\/\/pastudio.com\/wp-content\/uploads\/2019\/02\/TROLLS-2018-1-600x350.jpg 600w, https:\/\/pastudio.com\/wp-content\/uploads\/2019\/02\/TROLLS-2018-1-300x175.jpg 300w, https:\/\/pastudio.com\/wp-content\/uploads\/2019\/02\/TROLLS-2018-1-768x449.jpg 768w\" sizes=\"auto, (max-width: 385px) 100vw, 385px\" \/><br>Cada grupo participa en una clase abierta a modo de &#8220;show&#8221; para afianzar lo aprendido.<\/h3>\r\n\r\n\r\n\r\n<p>Para ni\u00f1os y ni\u00f1as de 5 a 7 a\u00f1os tenemos nuestro \u201cTheatrical Playgroup in English\u201d.<\/p>\r\n\r\n\r\n\r\n<p>Es un espacio l\u00fadico, pedag\u00f3gico-art\u00edstico donde se trabajan distintas destrezas y habilidades mediante actividades netamente teatrales y provenientes del \u00e1rea de la expresi\u00f3n corporal.<\/p>\r\n\r\n\r\n\r\n<ul class=\"wp-block-gallery columns-2 is-cropped wp-block-gallery-1 is-layout-flex wp-block-gallery-is-layout-flex\">\r\n<li class=\"blocks-gallery-item\">\r\n<figure><img loading=\"lazy\" decoding=\"async\" width=\"1024\" height=\"584\" class=\"wp-image-7319\" src=\"http:\/\/pastudio.com\/wp-content\/uploads\/2019\/02\/TROLLS-2-2-1024x584.jpg\" alt=\"\" data-id=\"7319\" data-link=\"http:\/\/pastudio.com\/?attachment_id=7319\" srcset=\"https:\/\/pastudio.com\/wp-content\/uploads\/2019\/02\/TROLLS-2-2-1024x584.jpg 1024w, https:\/\/pastudio.com\/wp-content\/uploads\/2019\/02\/TROLLS-2-2-600x342.jpg 600w, https:\/\/pastudio.com\/wp-content\/uploads\/2019\/02\/TROLLS-2-2-300x171.jpg 300w, https:\/\/pastudio.com\/wp-content\/uploads\/2019\/02\/TROLLS-2-2-768x438.jpg 768w\" sizes=\"auto, (max-width: 1024px) 100vw, 1024px\" \/><\/figure>\r\n<\/li>\r\n<li class=\"blocks-gallery-item\">\r\n<figure><img loading=\"lazy\" decoding=\"async\" width=\"1024\" height=\"683\" class=\"wp-image-7257\" src=\"http:\/\/pastudio.com\/wp-content\/uploads\/2019\/02\/TROLLS-3-1024x683.jpg\" alt=\"\" data-id=\"7257\" data-link=\"http:\/\/pastudio.com\/?attachment_id=7257\" srcset=\"https:\/\/pastudio.com\/wp-content\/uploads\/2019\/02\/TROLLS-3-1024x683.jpg 1024w, https:\/\/pastudio.com\/wp-content\/uploads\/2019\/02\/TROLLS-3-600x400.jpg 600w, https:\/\/pastudio.com\/wp-content\/uploads\/2019\/02\/TROLLS-3-300x200.jpg 300w, https:\/\/pastudio.com\/wp-content\/uploads\/2019\/02\/TROLLS-3-768x512.jpg 768w\" sizes=\"auto, (max-width: 1024px) 100vw, 1024px\" \/><\/figure>\r\n<\/li>\r\n<li class=\"blocks-gallery-item\">\r\n<figure><img loading=\"lazy\" decoding=\"async\" width=\"1024\" height=\"598\" class=\"wp-image-7322\" src=\"http:\/\/pastudio.com\/wp-content\/uploads\/2019\/02\/TROLLS-2018-1-1024x598.jpg\" alt=\"\" data-id=\"7322\" data-link=\"http:\/\/pastudio.com\/?attachment_id=7322\" srcset=\"https:\/\/pastudio.com\/wp-content\/uploads\/2019\/02\/TROLLS-2018-1-1024x598.jpg 1024w, https:\/\/pastudio.com\/wp-content\/uploads\/2019\/02\/TROLLS-2018-1-600x350.jpg 600w, https:\/\/pastudio.com\/wp-content\/uploads\/2019\/02\/TROLLS-2018-1-300x175.jpg 300w, https:\/\/pastudio.com\/wp-content\/uploads\/2019\/02\/TROLLS-2018-1-768x449.jpg 768w\" sizes=\"auto, (max-width: 1024px) 100vw, 1024px\" \/><\/figure>\r\n<\/li>\r\n<li class=\"blocks-gallery-item\">\r\n<figure><img loading=\"lazy\" decoding=\"async\" width=\"1024\" height=\"575\" class=\"wp-image-7462\" src=\"http:\/\/pastudio.com\/wp-content\/uploads\/2019\/02\/IMG_9123-1024x575.jpg\" alt=\"\" data-id=\"7462\" data-link=\"http:\/\/pastudio.com\/?attachment_id=7462\" srcset=\"https:\/\/pastudio.com\/wp-content\/uploads\/2019\/02\/IMG_9123-1024x575.jpg 1024w, https:\/\/pastudio.com\/wp-content\/uploads\/2019\/02\/IMG_9123-600x337.jpg 600w, https:\/\/pastudio.com\/wp-content\/uploads\/2019\/02\/IMG_9123-300x168.jpg 300w, https:\/\/pastudio.com\/wp-content\/uploads\/2019\/02\/IMG_9123-768x431.jpg 768w\" sizes=\"auto, (max-width: 1024px) 100vw, 1024px\" \/><\/figure>\r\n<\/li>\r\n<li class=\"blocks-gallery-item\">\r\n<figure><img loading=\"lazy\" decoding=\"async\" width=\"1024\" height=\"575\" class=\"wp-image-7463\" src=\"http:\/\/pastudio.com\/wp-content\/uploads\/2019\/02\/IMG_8703-1024x575.jpg\" alt=\"\" data-id=\"7463\" data-link=\"http:\/\/pastudio.com\/?attachment_id=7463\" srcset=\"https:\/\/pastudio.com\/wp-content\/uploads\/2019\/02\/IMG_8703-1024x575.jpg 1024w, https:\/\/pastudio.com\/wp-content\/uploads\/2019\/02\/IMG_8703-600x337.jpg 600w, https:\/\/pastudio.com\/wp-content\/uploads\/2019\/02\/IMG_8703-300x168.jpg 300w, https:\/\/pastudio.com\/wp-content\/uploads\/2019\/02\/IMG_8703-768x431.jpg 768w\" sizes=\"auto, (max-width: 1024px) 100vw, 1024px\" \/><\/figure>\r\n<\/li>\r\n<li class=\"blocks-gallery-item\">\r\n<figure><img loading=\"lazy\" decoding=\"async\" width=\"1024\" height=\"575\" class=\"wp-image-7464\" src=\"http:\/\/pastudio.com\/wp-content\/uploads\/2019\/02\/IMG_8708-1024x575.jpg\" alt=\"\" data-id=\"7464\" data-link=\"http:\/\/pastudio.com\/?attachment_id=7464\" srcset=\"https:\/\/pastudio.com\/wp-content\/uploads\/2019\/02\/IMG_8708-1024x575.jpg 1024w, https:\/\/pastudio.com\/wp-content\/uploads\/2019\/02\/IMG_8708-600x337.jpg 600w, https:\/\/pastudio.com\/wp-content\/uploads\/2019\/02\/IMG_8708-300x168.jpg 300w, https:\/\/pastudio.com\/wp-content\/uploads\/2019\/02\/IMG_8708-768x431.jpg 768w\" sizes=\"auto, (max-width: 1024px) 100vw, 1024px\" \/><\/figure>\r\n<\/li>\r\n<li class=\"blocks-gallery-item\">\r\n<figure><img loading=\"lazy\" decoding=\"async\" width=\"1024\" height=\"575\" class=\"wp-image-7465\" src=\"http:\/\/pastudio.com\/wp-content\/uploads\/2019\/02\/IMG_8803-1024x575.jpg\" alt=\"\" data-id=\"7465\" data-link=\"http:\/\/pastudio.com\/?attachment_id=7465\" srcset=\"https:\/\/pastudio.com\/wp-content\/uploads\/2019\/02\/IMG_8803-1024x575.jpg 1024w, https:\/\/pastudio.com\/wp-content\/uploads\/2019\/02\/IMG_8803-600x337.jpg 600w, https:\/\/pastudio.com\/wp-content\/uploads\/2019\/02\/IMG_8803-300x168.jpg 300w, https:\/\/pastudio.com\/wp-content\/uploads\/2019\/02\/IMG_8803-768x431.jpg 768w\" sizes=\"auto, (max-width: 1024px) 100vw, 1024px\" \/><\/figure>\r\n<\/li>\r\n<li class=\"blocks-gallery-item\">\r\n<figure><img loading=\"lazy\" decoding=\"async\" width=\"1024\" height=\"575\" class=\"wp-image-7466\" src=\"http:\/\/pastudio.com\/wp-content\/uploads\/2019\/02\/IMG_8841-1024x575.jpg\" alt=\"\" data-id=\"7466\" data-link=\"http:\/\/pastudio.com\/?attachment_id=7466\" srcset=\"https:\/\/pastudio.com\/wp-content\/uploads\/2019\/02\/IMG_8841-1024x575.jpg 1024w, https:\/\/pastudio.com\/wp-content\/uploads\/2019\/02\/IMG_8841-600x337.jpg 600w, https:\/\/pastudio.com\/wp-content\/uploads\/2019\/02\/IMG_8841-300x168.jpg 300w, https:\/\/pastudio.com\/wp-content\/uploads\/2019\/02\/IMG_8841-768x431.jpg 768w\" sizes=\"auto, (max-width: 1024px) 100vw, 1024px\" \/><\/figure>\r\n<\/li>\r\n<li class=\"blocks-gallery-item\">\r\n<figure><img loading=\"lazy\" decoding=\"async\" width=\"1024\" height=\"575\" class=\"wp-image-7467\" src=\"http:\/\/pastudio.com\/wp-content\/uploads\/2019\/02\/IMG_8889-1024x575.jpg\" alt=\"\" data-id=\"7467\" data-link=\"http:\/\/pastudio.com\/?attachment_id=7467\" srcset=\"https:\/\/pastudio.com\/wp-content\/uploads\/2019\/02\/IMG_8889-1024x575.jpg 1024w, https:\/\/pastudio.com\/wp-content\/uploads\/2019\/02\/IMG_8889-600x337.jpg 600w, https:\/\/pastudio.com\/wp-content\/uploads\/2019\/02\/IMG_8889-300x168.jpg 300w, https:\/\/pastudio.com\/wp-content\/uploads\/2019\/02\/IMG_8889-768x431.jpg 768w\" sizes=\"auto, (max-width: 1024px) 100vw, 1024px\" \/><\/figure>\r\n<\/li>\r\n<li class=\"blocks-gallery-item\">\r\n<figure><img loading=\"lazy\" decoding=\"async\" width=\"1024\" height=\"575\" class=\"wp-image-7468\" src=\"http:\/\/pastudio.com\/wp-content\/uploads\/2019\/02\/IMG_9013-1024x575.jpg\" alt=\"\" data-id=\"7468\" data-link=\"http:\/\/pastudio.com\/?attachment_id=7468\" srcset=\"https:\/\/pastudio.com\/wp-content\/uploads\/2019\/02\/IMG_9013-1024x575.jpg 1024w, https:\/\/pastudio.com\/wp-content\/uploads\/2019\/02\/IMG_9013-600x337.jpg 600w, https:\/\/pastudio.com\/wp-content\/uploads\/2019\/02\/IMG_9013-300x168.jpg 300w, https:\/\/pastudio.com\/wp-content\/uploads\/2019\/02\/IMG_9013-768x431.jpg 768w\" sizes=\"auto, (max-width: 1024px) 100vw, 1024px\" \/><\/figure>\r\n<\/li>\r\n<li class=\"blocks-gallery-item\">\r\n<figure><img loading=\"lazy\" decoding=\"async\" width=\"1024\" height=\"575\" class=\"wp-image-7469\" src=\"http:\/\/pastudio.com\/wp-content\/uploads\/2019\/02\/IMG_9081-1024x575.jpg\" alt=\"\" data-id=\"7469\" data-link=\"http:\/\/pastudio.com\/?attachment_id=7469\" srcset=\"https:\/\/pastudio.com\/wp-content\/uploads\/2019\/02\/IMG_9081-1024x575.jpg 1024w, https:\/\/pastudio.com\/wp-content\/uploads\/2019\/02\/IMG_9081-600x337.jpg 600w, https:\/\/pastudio.com\/wp-content\/uploads\/2019\/02\/IMG_9081-300x168.jpg 300w, https:\/\/pastudio.com\/wp-content\/uploads\/2019\/02\/IMG_9081-768x431.jpg 768w\" sizes=\"auto, (max-width: 1024px) 100vw, 1024px\" \/><\/figure>\r\n<\/li>\r\n<li class=\"blocks-gallery-item\">\r\n<figure><img loading=\"lazy\" decoding=\"async\" width=\"1024\" height=\"575\" class=\"wp-image-7471\" src=\"http:\/\/pastudio.com\/wp-content\/uploads\/2019\/02\/IMG_8951-1024x575.jpg\" alt=\"\" data-id=\"7471\" data-link=\"http:\/\/pastudio.com\/?attachment_id=7471\" srcset=\"https:\/\/pastudio.com\/wp-content\/uploads\/2019\/02\/IMG_8951-1024x575.jpg 1024w, https:\/\/pastudio.com\/wp-content\/uploads\/2019\/02\/IMG_8951-600x337.jpg 600w, https:\/\/pastudio.com\/wp-content\/uploads\/2019\/02\/IMG_8951-300x168.jpg 300w, https:\/\/pastudio.com\/wp-content\/uploads\/2019\/02\/IMG_8951-768x431.jpg 768w\" sizes=\"auto, (max-width: 1024px) 100vw, 1024px\" \/><\/figure>\r\n<\/li>\r\n<li class=\"blocks-gallery-item\">\r\n<figure><img loading=\"lazy\" decoding=\"async\" width=\"1024\" height=\"575\" class=\"wp-image-7472\" src=\"http:\/\/pastudio.com\/wp-content\/uploads\/2019\/02\/IMG_9093-1024x575.jpg\" alt=\"\" data-id=\"7472\" data-link=\"http:\/\/pastudio.com\/?attachment_id=7472\" srcset=\"https:\/\/pastudio.com\/wp-content\/uploads\/2019\/02\/IMG_9093-1024x575.jpg 1024w, https:\/\/pastudio.com\/wp-content\/uploads\/2019\/02\/IMG_9093-600x337.jpg 600w, https:\/\/pastudio.com\/wp-content\/uploads\/2019\/02\/IMG_9093-300x168.jpg 300w, https:\/\/pastudio.com\/wp-content\/uploads\/2019\/02\/IMG_9093-768x431.jpg 768w\" sizes=\"auto, (max-width: 1024px) 100vw, 1024px\" \/><\/figure>\r\n<\/li>\r\n<li class=\"blocks-gallery-item\">\r\n<figure><img loading=\"lazy\" decoding=\"async\" width=\"1024\" height=\"575\" class=\"wp-image-7473\" src=\"http:\/\/pastudio.com\/wp-content\/uploads\/2019\/02\/IMG_9130-1024x575.jpg\" alt=\"\" data-id=\"7473\" data-link=\"http:\/\/pastudio.com\/?attachment_id=7473\" srcset=\"https:\/\/pastudio.com\/wp-content\/uploads\/2019\/02\/IMG_9130-1024x575.jpg 1024w, https:\/\/pastudio.com\/wp-content\/uploads\/2019\/02\/IMG_9130-600x337.jpg 600w, https:\/\/pastudio.com\/wp-content\/uploads\/2019\/02\/IMG_9130-300x168.jpg 300w, https:\/\/pastudio.com\/wp-content\/uploads\/2019\/02\/IMG_9130-768x431.jpg 768w\" sizes=\"auto, (max-width: 1024px) 100vw, 1024px\" \/><\/figure>\r\n<\/li>\r\n<\/ul>\r\n\r\n\r\n\r\n<p>A lo largo del a\u00f1o los alumnos aprenden canto, baile y actuaci\u00f3n en el mismo escenario donde luego actuar\u00e1n mientras practican su ingl\u00e9s.<\/p>\r\n\r\n\r\n\r\n<p>Finalmente, cada alumno tiene la oportunidad de emplear las habilidades y herramientas adquiridas durante los ensayos y la muestra final.<\/p>\r\n\r\n\r\n\r\n<p>Las actividades se planifican mensualmente en base a un plan anual general con el objetivo de:<\/p>\r\n\r\n\r\n\r\n<ul class=\"wp-block-list\">\r\n<li>Fomentar el desarrollo de la motricidad fina y gruesa.<\/li>\r\n<li>Fomentar la adquisici\u00f3n de habilidades que permitan la impostaci\u00f3n correcta de la voz y el canto.<\/li>\r\n<li>Fomentar el afianzamiento de cuestiones espaciales.<\/li>\r\n<\/ul>\r\n","protected":false},"excerpt":{"rendered":"<p>Para ni\u00f1os y ni\u00f1as de 5 a 7 a\u00f1os tenemos nuestro \u201cTheatrical Playgroup in English\u201d. Es un espacio l\u00fadico, pedag\u00f3gico-art\u00edstico donde se trabajan distintas destrezas y habilidades mediante actividades netamente teatrales y provenientes del \u00e1rea de la expresi\u00f3n corporal. A lo largo del a\u00f1o los alumnos aprenden canto, baile y actuaci\u00f3n en el mismo escenario<\/p>\n","protected":false},"author":4,"featured_media":0,"parent":0,"menu_order":0,"comment_status":"closed","ping_status":"closed","template":"","meta":{"ngg_post_thumbnail":0,"footnotes":"","_links_to":"","_links_to_target":""},"class_list":["post-7458","page","type-page","status-publish","hentry"],"_links":{"self":[{"href":"https:\/\/pastudio.com\/index.php?rest_route=\/wp\/v2\/pages\/7458","targetHints":{"allow":["GET"]}}],"collection":[{"href":"https:\/\/pastudio.com\/index.php?rest_route=\/wp\/v2\/pages"}],"about":[{"href":"https:\/\/pastudio.com\/index.php?rest_route=\/wp\/v2\/types\/page"}],"author":[{"embeddable":true,"href":"https:\/\/pastudio.com\/index.php?rest_route=\/wp\/v2\/users\/4"}],"replies":[{"embeddable":true,"href":"https:\/\/pastudio.com\/index.php?rest_route=%2Fwp%2Fv2%2Fcomments&post=7458"}],"version-history":[{"count":0,"href":"https:\/\/pastudio.com\/index.php?rest_route=\/wp\/v2\/pages\/7458\/revisions"}],"wp:attachment":[{"href":"https:\/\/pastudio.com\/index.php?rest_route=%2Fwp%2Fv2%2Fmedia&parent=7458"}],"curies":[{"name":"wp","href":"https:\/\/api.w.org\/{rel}","templated":true}]}}