{"id":7848,"date":"2019-06-25T16:04:33","date_gmt":"2019-06-25T19:04:33","guid":{"rendered":"http:\/\/pastudio.com\/?page_id=7848"},"modified":"2019-06-25T16:07:14","modified_gmt":"2019-06-25T19:07:14","slug":"pastudio-usa-tour-a-nyfa-y-nyc-2019","status":"publish","type":"page","link":"https:\/\/pastudio.com\/?page_id=7848","title":{"rendered":"PASTUDIO USA TOUR A NYFA y NYC 2019"},"content":{"rendered":"<p>PASTUDIO USA TOUR a NYFA y NYC 2019<\/p>\n<p><a href=\"http:\/\/pastudio.com\/wp-content\/uploads\/2019\/06\/NYFA-NYC-3.jpg\"><img loading=\"lazy\" decoding=\"async\" class=\"alignnone wp-image-7952\" src=\"http:\/\/pastudio.com\/wp-content\/uploads\/2019\/06\/NYFA-NYC-3-1024x575.jpg\" alt=\"\" width=\"497\" height=\"279\" srcset=\"https:\/\/pastudio.com\/wp-content\/uploads\/2019\/06\/NYFA-NYC-3-1024x575.jpg 1024w, https:\/\/pastudio.com\/wp-content\/uploads\/2019\/06\/NYFA-NYC-3-600x337.jpg 600w, https:\/\/pastudio.com\/wp-content\/uploads\/2019\/06\/NYFA-NYC-3-300x169.jpg 300w, https:\/\/pastudio.com\/wp-content\/uploads\/2019\/06\/NYFA-NYC-3-768x432.jpg 768w\" sizes=\"auto, (max-width: 497px) 100vw, 497px\" \/><\/a><\/p>\n<p>Este Mayo, y celebrando 25 a\u00f1os en PASTUDIO desde su fundaci\u00f3n, realizamos nuestro quinto viaje de estudios con alumnos a NYC y NYFA para que puedan seguir aprendiendo teatro musical de la mano de veteranos profesionales de Broadway y tambi\u00e9n, para que puedan ver obras de teatro y conocer a los protagonistas en exclusivos talkbacks y tours que NYFA (a trav\u00e9s de Mark Olsen y Jordan Dragutsky) nos ayud\u00f3 a organizar.<\/p>\n<p>Salimos de Ezeiza con un grupo de 21 alumnos en vuelo directo y llegamos a NYC por la ma\u00f1ana el d\u00eda siguiente.<\/p>\n<p>Al llegar, dejamos las valijas en el hotel, nos refrescamos un poco y salimos directo a Times Square, donde hicimos algunas compras necesarias para las clases y luego almorzamos en el legendario Stardust Diner, donde todos los mozos y mozas son aficionados de teatro musical y brindan un verdadero show. No hab\u00edan pasado 24 horas de nuestra salida de Buenos Aires y ya est\u00e1bamos disfrutando de canciones de shows de Broadway en vivo.<\/p>\n<p><a href=\"http:\/\/pastudio.com\/wp-content\/uploads\/2019\/06\/Stardust-2.jpg\"><img loading=\"lazy\" decoding=\"async\" class=\"alignnone wp-image-7951\" src=\"http:\/\/pastudio.com\/wp-content\/uploads\/2019\/06\/Stardust-2-300x212.jpg\" alt=\"\" width=\"229\" height=\"162\" srcset=\"https:\/\/pastudio.com\/wp-content\/uploads\/2019\/06\/Stardust-2-300x212.jpg 300w, https:\/\/pastudio.com\/wp-content\/uploads\/2019\/06\/Stardust-2-600x424.jpg 600w, https:\/\/pastudio.com\/wp-content\/uploads\/2019\/06\/Stardust-2-768x542.jpg 768w, https:\/\/pastudio.com\/wp-content\/uploads\/2019\/06\/Stardust-2-1024x723.jpg 1024w\" sizes=\"auto, (max-width: 229px) 100vw, 229px\" \/><\/a><a href=\"http:\/\/pastudio.com\/wp-content\/uploads\/2019\/06\/Central-Park-Imagine.jpg\"><img loading=\"lazy\" decoding=\"async\" class=\"alignnone wp-image-7949\" src=\"http:\/\/pastudio.com\/wp-content\/uploads\/2019\/06\/Central-Park-Imagine-300x200.jpg\" alt=\"\" width=\"245\" height=\"163\" srcset=\"https:\/\/pastudio.com\/wp-content\/uploads\/2019\/06\/Central-Park-Imagine-300x200.jpg 300w, https:\/\/pastudio.com\/wp-content\/uploads\/2019\/06\/Central-Park-Imagine-600x400.jpg 600w, https:\/\/pastudio.com\/wp-content\/uploads\/2019\/06\/Central-Park-Imagine-768x512.jpg 768w, https:\/\/pastudio.com\/wp-content\/uploads\/2019\/06\/Central-Park-Imagine-1024x683.jpg 1024w\" sizes=\"auto, (max-width: 245px) 100vw, 245px\" \/><\/a><\/p>\n<p>Al finalizar el almuerzo, recorrimos la zona hasta Central Park y pasamos por Strawberry Fields para sacarnos algunas fotos. El d\u00eda era so\u00f1ado, con temperatura ideal. A cvontinuaci\u00f3n, para agilizar nuestros viajes por NYC, compramos pases de subte y volvimos al hotel luego de cenar en la zona.<\/p>\n<p>Al dia siguiente, participamos de un tour por NYC llamado \u201cThe Ride\u201d y por la noche disfrutamos del NYFA Faculty SHOW titulado \u201cSmells Like Teen Spirit\u201d, donde actuaban varios de los profesores que luego tendr\u00edan nuestro alumnos.<\/p>\n<p style=\"text-align: center;\"><a href=\"http:\/\/pastudio.com\/wp-content\/uploads\/2019\/06\/The-ride-3.jpg\"><img loading=\"lazy\" decoding=\"async\" class=\"alignnone wp-image-7964\" src=\"http:\/\/pastudio.com\/wp-content\/uploads\/2019\/06\/The-ride-3-1024x683.jpg\" alt=\"\" width=\"498\" height=\"332\" srcset=\"https:\/\/pastudio.com\/wp-content\/uploads\/2019\/06\/The-ride-3-1024x683.jpg 1024w, https:\/\/pastudio.com\/wp-content\/uploads\/2019\/06\/The-ride-3-600x400.jpg 600w, https:\/\/pastudio.com\/wp-content\/uploads\/2019\/06\/The-ride-3-300x200.jpg 300w, https:\/\/pastudio.com\/wp-content\/uploads\/2019\/06\/The-ride-3-768x512.jpg 768w\" sizes=\"auto, (max-width: 498px) 100vw, 498px\" \/><\/a><\/p>\n<p>Luego de otro d\u00eda complete, fu\u00edmos al hotel para dormer bien y prepararnos, porque ese lunes, comenzaban los estudios en NYFA!<\/p>\n<p>Lleg\u00f3 el primer d\u00eda de clase y todos estabamos en NYFA puntualmante listos para trabajar, aprender y divertirnos haciendo lo que tanto amamos. Nos di\u00f3 la bienvenida MARK OLSEN, (Chair de Musical Theatre) y tambi\u00e9n conocimos a qui\u00e9n ser\u00eda nuestro Director y profesor principal, MARK PRICE junto al pianista de Broadway FRANK LINDQUIST.<\/p>\n<p style=\"text-align: center;\"><a href=\"http:\/\/pastudio.com\/wp-content\/uploads\/2019\/06\/MARK-OLSEN.jpg\"><img loading=\"lazy\" decoding=\"async\" class=\"alignnone wp-image-7948\" src=\"http:\/\/pastudio.com\/wp-content\/uploads\/2019\/06\/MARK-OLSEN-1024x575.jpg\" alt=\"\" width=\"499\" height=\"280\" srcset=\"https:\/\/pastudio.com\/wp-content\/uploads\/2019\/06\/MARK-OLSEN-1024x575.jpg 1024w, https:\/\/pastudio.com\/wp-content\/uploads\/2019\/06\/MARK-OLSEN-600x337.jpg 600w, https:\/\/pastudio.com\/wp-content\/uploads\/2019\/06\/MARK-OLSEN-300x168.jpg 300w, https:\/\/pastudio.com\/wp-content\/uploads\/2019\/06\/MARK-OLSEN-768x431.jpg 768w\" sizes=\"auto, (max-width: 499px) 100vw, 499px\" \/><\/a><\/p>\n<p>Pasaron los d\u00edas y seguimos aprendiendo cada vez m\u00e1s de la mano de profesores como:<\/p>\n<p style=\"text-align: center;\"><a href=\"http:\/\/pastudio.com\/wp-content\/uploads\/2019\/06\/PASTUDIO-and-NYFA-staff.jpg\"><img loading=\"lazy\" decoding=\"async\" class=\"alignnone wp-image-7965\" src=\"http:\/\/pastudio.com\/wp-content\/uploads\/2019\/06\/PASTUDIO-and-NYFA-staff-1024x575.jpg\" alt=\"\" width=\"499\" height=\"280\" srcset=\"https:\/\/pastudio.com\/wp-content\/uploads\/2019\/06\/PASTUDIO-and-NYFA-staff-1024x575.jpg 1024w, https:\/\/pastudio.com\/wp-content\/uploads\/2019\/06\/PASTUDIO-and-NYFA-staff-600x337.jpg 600w, https:\/\/pastudio.com\/wp-content\/uploads\/2019\/06\/PASTUDIO-and-NYFA-staff-300x168.jpg 300w, https:\/\/pastudio.com\/wp-content\/uploads\/2019\/06\/PASTUDIO-and-NYFA-staff-768x431.jpg 768w\" sizes=\"auto, (max-width: 499px) 100vw, 499px\" \/><\/a><\/p>\n<p>Mark Price \u2013 Performance Lab \/\u00a0James T. Lane \u2013 Jazz and Theatre Dance \/ Frank Lindquist \u2013 Broadway Pianist<\/p>\n<p><a href=\"http:\/\/pastudio.com\/wp-content\/uploads\/2019\/06\/DMIchael-2.jpg\"><img loading=\"lazy\" decoding=\"async\" class=\"alignnone wp-image-7959\" src=\"http:\/\/pastudio.com\/wp-content\/uploads\/2019\/06\/DMIchael-2-300x168.jpg\" alt=\"\" width=\"243\" height=\"136\" srcset=\"https:\/\/pastudio.com\/wp-content\/uploads\/2019\/06\/DMIchael-2-300x168.jpg 300w, https:\/\/pastudio.com\/wp-content\/uploads\/2019\/06\/DMIchael-2-600x337.jpg 600w, https:\/\/pastudio.com\/wp-content\/uploads\/2019\/06\/DMIchael-2-768x431.jpg 768w, https:\/\/pastudio.com\/wp-content\/uploads\/2019\/06\/DMIchael-2-1024x575.jpg 1024w\" sizes=\"auto, (max-width: 243px) 100vw, 243px\" \/><\/a> <a href=\"http:\/\/pastudio.com\/wp-content\/uploads\/2019\/06\/DMichael-1.jpg\"><img loading=\"lazy\" decoding=\"async\" class=\"alignnone wp-image-7958\" src=\"http:\/\/pastudio.com\/wp-content\/uploads\/2019\/06\/DMichael-1-300x169.jpg\" alt=\"\" width=\"247\" height=\"139\" srcset=\"https:\/\/pastudio.com\/wp-content\/uploads\/2019\/06\/DMichael-1-300x169.jpg 300w, https:\/\/pastudio.com\/wp-content\/uploads\/2019\/06\/DMichael-1-600x338.jpg 600w, https:\/\/pastudio.com\/wp-content\/uploads\/2019\/06\/DMichael-1-768x432.jpg 768w, https:\/\/pastudio.com\/wp-content\/uploads\/2019\/06\/DMichael-1-1024x576.jpg 1024w\" sizes=\"auto, (max-width: 247px) 100vw, 247px\" \/><\/a><\/p>\n<p>D.Michael Heath &#8211; Voice Lab<\/p>\n<p><a href=\"http:\/\/pastudio.com\/wp-content\/uploads\/2019\/06\/Sarah-1.jpg\"><img loading=\"lazy\" decoding=\"async\" class=\"alignnone wp-image-7966\" src=\"http:\/\/pastudio.com\/wp-content\/uploads\/2019\/06\/Sarah-1-300x169.jpg\" alt=\"\" width=\"240\" height=\"135\" srcset=\"https:\/\/pastudio.com\/wp-content\/uploads\/2019\/06\/Sarah-1-300x169.jpg 300w, https:\/\/pastudio.com\/wp-content\/uploads\/2019\/06\/Sarah-1-600x338.jpg 600w, https:\/\/pastudio.com\/wp-content\/uploads\/2019\/06\/Sarah-1-768x432.jpg 768w, https:\/\/pastudio.com\/wp-content\/uploads\/2019\/06\/Sarah-1-1024x576.jpg 1024w\" sizes=\"auto, (max-width: 240px) 100vw, 240px\" \/><\/a> <a href=\"http:\/\/pastudio.com\/wp-content\/uploads\/2019\/06\/Sarah-2.jpg\"><img loading=\"lazy\" decoding=\"async\" class=\"alignnone wp-image-7967\" src=\"http:\/\/pastudio.com\/wp-content\/uploads\/2019\/06\/Sarah-2-300x168.jpg\" alt=\"\" width=\"241\" height=\"135\" srcset=\"https:\/\/pastudio.com\/wp-content\/uploads\/2019\/06\/Sarah-2-300x168.jpg 300w, https:\/\/pastudio.com\/wp-content\/uploads\/2019\/06\/Sarah-2-600x337.jpg 600w, https:\/\/pastudio.com\/wp-content\/uploads\/2019\/06\/Sarah-2-768x431.jpg 768w, https:\/\/pastudio.com\/wp-content\/uploads\/2019\/06\/Sarah-2-1024x575.jpg 1024w\" sizes=\"auto, (max-width: 241px) 100vw, 241px\" \/><\/a><\/p>\n<p>Sarah Antkowiak &#8211; Ballet and Modern Dance<\/p>\n<p style=\"text-align: center;\"><a href=\"http:\/\/pastudio.com\/wp-content\/uploads\/2019\/06\/Lauren-1.jpg\"><img loading=\"lazy\" decoding=\"async\" class=\"alignnone wp-image-7968\" src=\"http:\/\/pastudio.com\/wp-content\/uploads\/2019\/06\/Lauren-1-1024x575.jpg\" alt=\"\" width=\"499\" height=\"280\" srcset=\"https:\/\/pastudio.com\/wp-content\/uploads\/2019\/06\/Lauren-1-1024x575.jpg 1024w, https:\/\/pastudio.com\/wp-content\/uploads\/2019\/06\/Lauren-1-600x337.jpg 600w, https:\/\/pastudio.com\/wp-content\/uploads\/2019\/06\/Lauren-1-300x168.jpg 300w, https:\/\/pastudio.com\/wp-content\/uploads\/2019\/06\/Lauren-1-768x431.jpg 768w\" sizes=\"auto, (max-width: 499px) 100vw, 499px\" \/><\/a><\/p>\n<p>Lauren Mack\u2013 Acting and Interpretation<\/p>\n<p><a href=\"http:\/\/pastudio.com\/wp-content\/uploads\/2019\/06\/TJ-1.jpg\"><img loading=\"lazy\" decoding=\"async\" class=\"alignnone wp-image-7970\" src=\"http:\/\/pastudio.com\/wp-content\/uploads\/2019\/06\/TJ-1-300x169.jpg\" alt=\"\" width=\"250\" height=\"141\" srcset=\"https:\/\/pastudio.com\/wp-content\/uploads\/2019\/06\/TJ-1-300x169.jpg 300w, https:\/\/pastudio.com\/wp-content\/uploads\/2019\/06\/TJ-1-600x338.jpg 600w, https:\/\/pastudio.com\/wp-content\/uploads\/2019\/06\/TJ-1-768x432.jpg 768w, https:\/\/pastudio.com\/wp-content\/uploads\/2019\/06\/TJ-1-1024x576.jpg 1024w\" sizes=\"auto, (max-width: 250px) 100vw, 250px\" \/><\/a> <a href=\"http:\/\/pastudio.com\/wp-content\/uploads\/2019\/06\/TJ-2.jpg\"><img loading=\"lazy\" decoding=\"async\" class=\"alignnone wp-image-7971\" src=\"http:\/\/pastudio.com\/wp-content\/uploads\/2019\/06\/TJ-2-300x192.jpg\" alt=\"\" width=\"221\" height=\"141\" srcset=\"https:\/\/pastudio.com\/wp-content\/uploads\/2019\/06\/TJ-2-300x192.jpg 300w, https:\/\/pastudio.com\/wp-content\/uploads\/2019\/06\/TJ-2-600x383.jpg 600w, https:\/\/pastudio.com\/wp-content\/uploads\/2019\/06\/TJ-2-768x491.jpg 768w, https:\/\/pastudio.com\/wp-content\/uploads\/2019\/06\/TJ-2-1024x654.jpg 1024w\" sizes=\"auto, (max-width: 221px) 100vw, 221px\" \/><\/a><\/p>\n<p>T.J Mannix &#8211; Improvisation<\/p>\n<p><a href=\"http:\/\/pastudio.com\/wp-content\/uploads\/2019\/06\/Matt-1.jpg\"><img loading=\"lazy\" decoding=\"async\" class=\"alignnone wp-image-7975\" src=\"http:\/\/pastudio.com\/wp-content\/uploads\/2019\/06\/Matt-1-300x169.jpg\" alt=\"\" width=\"247\" height=\"139\" srcset=\"https:\/\/pastudio.com\/wp-content\/uploads\/2019\/06\/Matt-1-300x169.jpg 300w, https:\/\/pastudio.com\/wp-content\/uploads\/2019\/06\/Matt-1-600x338.jpg 600w, https:\/\/pastudio.com\/wp-content\/uploads\/2019\/06\/Matt-1-768x432.jpg 768w, https:\/\/pastudio.com\/wp-content\/uploads\/2019\/06\/Matt-1-1024x576.jpg 1024w\" sizes=\"auto, (max-width: 247px) 100vw, 247px\" \/><\/a> <a href=\"http:\/\/pastudio.com\/wp-content\/uploads\/2019\/06\/Matt-2.jpg\"><img loading=\"lazy\" decoding=\"async\" class=\"alignnone wp-image-7976\" src=\"http:\/\/pastudio.com\/wp-content\/uploads\/2019\/06\/Matt-2-300x168.jpg\" alt=\"\" width=\"246\" height=\"138\" srcset=\"https:\/\/pastudio.com\/wp-content\/uploads\/2019\/06\/Matt-2-300x168.jpg 300w, https:\/\/pastudio.com\/wp-content\/uploads\/2019\/06\/Matt-2-600x337.jpg 600w, https:\/\/pastudio.com\/wp-content\/uploads\/2019\/06\/Matt-2-768x431.jpg 768w, https:\/\/pastudio.com\/wp-content\/uploads\/2019\/06\/Matt-2-1024x575.jpg 1024w\" sizes=\"auto, (max-width: 246px) 100vw, 246px\" \/><\/a><\/p>\n<p>Matt L\u00f3pez &#8211; Hip Hop<\/p>\n<p><a href=\"http:\/\/pastudio.com\/wp-content\/uploads\/2019\/06\/Bill-4.jpg\"><img loading=\"lazy\" decoding=\"async\" class=\"alignnone wp-image-7954\" src=\"http:\/\/pastudio.com\/wp-content\/uploads\/2019\/06\/Bill-4-300x168.jpg\" alt=\"\" width=\"246\" height=\"138\" srcset=\"https:\/\/pastudio.com\/wp-content\/uploads\/2019\/06\/Bill-4-300x168.jpg 300w, https:\/\/pastudio.com\/wp-content\/uploads\/2019\/06\/Bill-4-600x337.jpg 600w, https:\/\/pastudio.com\/wp-content\/uploads\/2019\/06\/Bill-4-768x431.jpg 768w, https:\/\/pastudio.com\/wp-content\/uploads\/2019\/06\/Bill-4-1024x575.jpg 1024w\" sizes=\"auto, (max-width: 246px) 100vw, 246px\" \/><\/a> <a href=\"http:\/\/pastudio.com\/wp-content\/uploads\/2019\/06\/Bill-1.jpg\"><img loading=\"lazy\" decoding=\"async\" class=\"alignnone wp-image-7953\" src=\"http:\/\/pastudio.com\/wp-content\/uploads\/2019\/06\/Bill-1-300x169.jpg\" alt=\"\" width=\"247\" height=\"139\" srcset=\"https:\/\/pastudio.com\/wp-content\/uploads\/2019\/06\/Bill-1-300x169.jpg 300w, https:\/\/pastudio.com\/wp-content\/uploads\/2019\/06\/Bill-1-600x338.jpg 600w, https:\/\/pastudio.com\/wp-content\/uploads\/2019\/06\/Bill-1-768x432.jpg 768w, https:\/\/pastudio.com\/wp-content\/uploads\/2019\/06\/Bill-1-1024x576.jpg 1024w\" sizes=\"auto, (max-width: 247px) 100vw, 247px\" \/><\/a><\/p>\n<p>Bill Waldinger \u2013 Jazz and Theatre Dance<\/p>\n<p style=\"text-align: center;\"><a href=\"http:\/\/pastudio.com\/wp-content\/uploads\/2019\/06\/Mean-girls-4.jpg\"><img loading=\"lazy\" decoding=\"async\" class=\"alignnone wp-image-7978\" src=\"http:\/\/pastudio.com\/wp-content\/uploads\/2019\/06\/Mean-girls-4-1024x575.jpg\" alt=\"\" width=\"499\" height=\"280\" srcset=\"https:\/\/pastudio.com\/wp-content\/uploads\/2019\/06\/Mean-girls-4-1024x575.jpg 1024w, https:\/\/pastudio.com\/wp-content\/uploads\/2019\/06\/Mean-girls-4-600x337.jpg 600w, https:\/\/pastudio.com\/wp-content\/uploads\/2019\/06\/Mean-girls-4-300x168.jpg 300w, https:\/\/pastudio.com\/wp-content\/uploads\/2019\/06\/Mean-girls-4-768x431.jpg 768w\" sizes=\"auto, (max-width: 499px) 100vw, 499px\" \/><\/a><\/p>\n<p>Pero, adem\u00e1s de estudiar durante 8-9 horas diarias, por las noches fuimos a ver tres obras de Broadway con la posibilidad de asistir a \u201ctalkbacks\u201d (charlas) con actores protagonistas de <em>FROZEN<\/em>, <em>MEAN GIRLS<\/em> y <em>LION KING<\/em>.<\/p>\n<p style=\"text-align: center;\"><a href=\"http:\/\/pastudio.com\/wp-content\/uploads\/2019\/06\/Lion-king-3.jpg\"><img loading=\"lazy\" decoding=\"async\" class=\"alignnone wp-image-7979\" src=\"http:\/\/pastudio.com\/wp-content\/uploads\/2019\/06\/Lion-king-3-1024x575.jpg\" alt=\"\" width=\"499\" height=\"280\" srcset=\"https:\/\/pastudio.com\/wp-content\/uploads\/2019\/06\/Lion-king-3-1024x575.jpg 1024w, https:\/\/pastudio.com\/wp-content\/uploads\/2019\/06\/Lion-king-3-600x337.jpg 600w, https:\/\/pastudio.com\/wp-content\/uploads\/2019\/06\/Lion-king-3-300x168.jpg 300w, https:\/\/pastudio.com\/wp-content\/uploads\/2019\/06\/Lion-king-3-768x431.jpg 768w\" sizes=\"auto, (max-width: 499px) 100vw, 499px\" \/><\/a><\/p>\n<p>Finalmente, llego el d\u00eda de nuestro SHOWCASE. LIZZIE SACK nos mand\u00f3 unas remeras hermosas de NYFA a cada uno y tuvimos la visita de varios padres de alumnos que viajaron, amigos y mucha presencia y apoyo de alumnos de Teatro Musical de NYFA, (quienes estaban a punto de graduarse y presentasr su showcase tambi\u00e9n). Al finalizar el showcase, Jordan Dragutsky se hab\u00eda encargado de prepararnos unos certificados geniales que entreg\u00f3 MARK PRICE a cada alumno como testimonio de su pasada por NYFA.<\/p>\n<p style=\"text-align: center;\"><a href=\"http:\/\/pastudio.com\/wp-content\/uploads\/2019\/06\/Showcase-backstage-3.jpg\"><img loading=\"lazy\" decoding=\"async\" class=\"alignnone wp-image-7986\" src=\"http:\/\/pastudio.com\/wp-content\/uploads\/2019\/06\/Showcase-backstage-3-1024x575.jpg\" alt=\"\" width=\"499\" height=\"280\" srcset=\"https:\/\/pastudio.com\/wp-content\/uploads\/2019\/06\/Showcase-backstage-3-1024x575.jpg 1024w, https:\/\/pastudio.com\/wp-content\/uploads\/2019\/06\/Showcase-backstage-3-600x337.jpg 600w, https:\/\/pastudio.com\/wp-content\/uploads\/2019\/06\/Showcase-backstage-3-300x169.jpg 300w, https:\/\/pastudio.com\/wp-content\/uploads\/2019\/06\/Showcase-backstage-3-768x432.jpg 768w\" sizes=\"auto, (max-width: 499px) 100vw, 499px\" \/><\/a><\/p>\n<p style=\"text-align: center;\"><a href=\"http:\/\/pastudio.com\/wp-content\/uploads\/2019\/06\/Showcase-dance-2.jpg\"><img loading=\"lazy\" decoding=\"async\" class=\"alignnone  wp-image-7994\" src=\"http:\/\/pastudio.com\/wp-content\/uploads\/2019\/06\/Showcase-dance-2-1024x575.jpg\" alt=\"\" width=\"499\" height=\"280\" srcset=\"https:\/\/pastudio.com\/wp-content\/uploads\/2019\/06\/Showcase-dance-2-1024x575.jpg 1024w, https:\/\/pastudio.com\/wp-content\/uploads\/2019\/06\/Showcase-dance-2-600x337.jpg 600w, https:\/\/pastudio.com\/wp-content\/uploads\/2019\/06\/Showcase-dance-2-300x169.jpg 300w, https:\/\/pastudio.com\/wp-content\/uploads\/2019\/06\/Showcase-dance-2-768x432.jpg 768w\" sizes=\"auto, (max-width: 499px) 100vw, 499px\" \/><\/a><\/p>\n<p>Luego del SHOWCASE, volvimos en subte al hotel para empacar y descansar un poquito porque sal\u00edamos temprano el d\u00eda siguiente. A continuaci\u00f3n, esa noche, fuimos a Times Square para sacar unas fotos m\u00e1s y disfrutar de una exquisita cena en el Hard Rock Caf\u00e9 con visita adicional de James T. Lane luego de actuar en KISS ME KATE.<\/p>\n<p style=\"text-align: center;\"><a href=\"http:\/\/pastudio.com\/wp-content\/uploads\/2019\/06\/Times-square-1.jpg\"><img loading=\"lazy\" decoding=\"async\" class=\"alignnone wp-image-7988\" src=\"http:\/\/pastudio.com\/wp-content\/uploads\/2019\/06\/Times-square-1-1024x575.jpg\" alt=\"\" width=\"499\" height=\"280\" srcset=\"https:\/\/pastudio.com\/wp-content\/uploads\/2019\/06\/Times-square-1-1024x575.jpg 1024w, https:\/\/pastudio.com\/wp-content\/uploads\/2019\/06\/Times-square-1-600x337.jpg 600w, https:\/\/pastudio.com\/wp-content\/uploads\/2019\/06\/Times-square-1-300x168.jpg 300w, https:\/\/pastudio.com\/wp-content\/uploads\/2019\/06\/Times-square-1-768x431.jpg 768w\" sizes=\"auto, (max-width: 499px) 100vw, 499px\" \/><\/a><\/p>\n<p>Agradezco a cada familia que confi\u00f3 sus hijos a PASTUDIO para este proyecto, a nuestros alumnos, quienes pusieron lo mejor de s\u00ed en cada momento, a los profesores PASTUDIO (Sof\u00eda Hansen, Cecilia Capurro y Agust\u00edn L\u00f3pez), quienes trabajaron incesantemente para cuidar y guiar a cada alumno, a Mart\u00edn de Eugenio por su coordinaci\u00f3n de traslados hospedaje, compra de boletos de teatro, redservas en el HRC, a todos y cada uno de los profesores de NYFA, quienes nos facilitaron nuevas herramientas para continuar creciendo art\u00edsticamente, a Mark Olsen, Jordan Dragutsky, Mark Price, James T Lane, Frank Lindquist y muy especialmente a Lizzie Sack, mi coordinadora en NYFA y amiga.<\/p>\n<p style=\"text-align: center;\"><a href=\"http:\/\/pastudio.com\/wp-content\/uploads\/2019\/06\/Cris-and-Lizzie.jpg\"><img loading=\"lazy\" decoding=\"async\" class=\"alignnone wp-image-7956\" src=\"http:\/\/pastudio.com\/wp-content\/uploads\/2019\/06\/Cris-and-Lizzie-1024x575.jpg\" alt=\"\" width=\"499\" height=\"280\" srcset=\"https:\/\/pastudio.com\/wp-content\/uploads\/2019\/06\/Cris-and-Lizzie-1024x575.jpg 1024w, https:\/\/pastudio.com\/wp-content\/uploads\/2019\/06\/Cris-and-Lizzie-600x337.jpg 600w, https:\/\/pastudio.com\/wp-content\/uploads\/2019\/06\/Cris-and-Lizzie-300x168.jpg 300w, https:\/\/pastudio.com\/wp-content\/uploads\/2019\/06\/Cris-and-Lizzie-768x431.jpg 768w\" sizes=\"auto, (max-width: 499px) 100vw, 499px\" \/><\/a><\/p>\n<p>Estamos deseosos de volver a NYFA y de seguir llevando cada vez m\u00e1s alumnos a la cuna del Teatro Musical para aprender de la mano de quienes trabajan en Broadway a diario!<\/p>\n<p>Cris Hansen<br \/>\nGeneral Director<\/p>\n","protected":false},"excerpt":{"rendered":"<p>PASTUDIO USA TOUR a NYFA y NYC 2019 Este Mayo, y celebrando 25 a\u00f1os en PASTUDIO desde su fundaci\u00f3n, realizamos nuestro quinto viaje de estudios con alumnos a NYC y NYFA para que puedan seguir aprendiendo teatro musical de la mano de veteranos profesionales de Broadway y tambi\u00e9n, para que puedan ver obras de teatro<\/p>\n","protected":false},"author":4,"featured_media":0,"parent":0,"menu_order":0,"comment_status":"closed","ping_status":"closed","template":"","meta":{"ngg_post_thumbnail":0,"footnotes":"","_links_to":"","_links_to_target":""},"class_list":["post-7848","page","type-page","status-publish","hentry"],"_links":{"self":[{"href":"https:\/\/pastudio.com\/index.php?rest_route=\/wp\/v2\/pages\/7848","targetHints":{"allow":["GET"]}}],"collection":[{"href":"https:\/\/pastudio.com\/index.php?rest_route=\/wp\/v2\/pages"}],"about":[{"href":"https:\/\/pastudio.com\/index.php?rest_route=\/wp\/v2\/types\/page"}],"author":[{"embeddable":true,"href":"https:\/\/pastudio.com\/index.php?rest_route=\/wp\/v2\/users\/4"}],"replies":[{"embeddable":true,"href":"https:\/\/pastudio.com\/index.php?rest_route=%2Fwp%2Fv2%2Fcomments&post=7848"}],"version-history":[{"count":0,"href":"https:\/\/pastudio.com\/index.php?rest_route=\/wp\/v2\/pages\/7848\/revisions"}],"wp:attachment":[{"href":"https:\/\/pastudio.com\/index.php?rest_route=%2Fwp%2Fv2%2Fmedia&parent=7848"}],"curies":[{"name":"wp","href":"https:\/\/api.w.org\/{rel}","templated":true}]}}